{"id":84,"date":"2009-06-24T11:35:24","date_gmt":"2009-06-24T08:35:24","guid":{"rendered":"http:\/\/www.woodentouch.fi\/wordpress\/?page_id=84"},"modified":"2015-06-30T21:32:40","modified_gmt":"2015-06-30T18:32:40","slug":"tvtaso40","status":"publish","type":"page","link":"https:\/\/woodentouch.fi\/wordpress\/tuotteet\/galleria\/tvtaso40\/","title":{"rendered":"tvtaso40"},"content":{"rendered":"<p>Tummaksi petsattu koivu ja valkoinen sopivat mainiosti yhteen. Tv-tason ovet k\u00e4\u00e4ntyv\u00e4t yl\u00f6sp\u00e4in sis\u00e4ll\u00e4 olevien laitteiden p\u00e4\u00e4lle.<\/p>\n<p>1150 euroa<\/p>\n","protected":false},"excerpt":{"rendered":"<p>Tummaksi petsattu koivu ja valkoinen sopivat mainiosti yhteen. Tv-tason ovet k\u00e4\u00e4ntyv\u00e4t yl\u00f6sp\u00e4in sis\u00e4ll\u00e4 olevien laitteiden p\u00e4\u00e4lle. 1150 euroa<\/p>\n","protected":false},"author":3,"featured_media":0,"parent":333,"menu_order":0,"comment_status":"open","ping_status":"open","template":"tuote.php","meta":{"om_disable_all_campaigns":false,"_monsterinsights_skip_tracking":false,"_monsterinsights_sitenote_active":false,"_monsterinsights_sitenote_note":"","_monsterinsights_sitenote_category":0,"footnotes":""},"class_list":["post-84","page","type-page","status-publish","hentry"],"aioseo_notices":[],"_links":{"self":[{"href":"https:\/\/woodentouch.fi\/wordpress\/wp-json\/wp\/v2\/pages\/84","targetHints":{"allow":["GET"]}}],"collection":[{"href":"https:\/\/woodentouch.fi\/wordpress\/wp-json\/wp\/v2\/pages"}],"about":[{"href":"https:\/\/woodentouch.fi\/wordpress\/wp-json\/wp\/v2\/types\/page"}],"author":[{"embeddable":true,"href":"https:\/\/woodentouch.fi\/wordpress\/wp-json\/wp\/v2\/users\/3"}],"replies":[{"embeddable":true,"href":"https:\/\/woodentouch.fi\/wordpress\/wp-json\/wp\/v2\/comments?post=84"}],"version-history":[{"count":8,"href":"https:\/\/woodentouch.fi\/wordpress\/wp-json\/wp\/v2\/pages\/84\/revisions"}],"predecessor-version":[{"id":2470,"href":"https:\/\/woodentouch.fi\/wordpress\/wp-json\/wp\/v2\/pages\/84\/revisions\/2470"}],"up":[{"embeddable":true,"href":"https:\/\/woodentouch.fi\/wordpress\/wp-json\/wp\/v2\/pages\/333"}],"wp:attachment":[{"href":"https:\/\/woodentouch.fi\/wordpress\/wp-json\/wp\/v2\/media?parent=84"}],"curies":[{"name":"wp","href":"https:\/\/api.w.org\/{rel}","templated":true}]}}