{"id":80,"date":"2009-06-24T11:31:10","date_gmt":"2009-06-24T08:31:10","guid":{"rendered":"http:\/\/www.woodentouch.fi\/wordpress\/?page_id=80"},"modified":"2015-06-23T14:16:07","modified_gmt":"2015-06-23T11:16:07","slug":"sohvapoyta130","status":"publish","type":"page","link":"https:\/\/woodentouch.fi\/wordpress\/tuotteet\/galleria\/sohvapoyta130\/","title":{"rendered":"Sohvapoyta130"},"content":{"rendered":"<p>Siro ja linjakas, mutta vahvaa tekoa oleva sohvap\u00f6yt\u00e4. Kuvan p\u00f6yd\u00e4ss\u00e4 k\u00e4ytetty punatammea ja loimukoivua. My\u00f6s yksinkertaisemmat versiot mahdollisia.<\/p>\n<p>kuvan p\u00f6yt\u00e4 610 euroa<\/p>\n<p>koivusta 360 euroa<\/p>\n","protected":false},"excerpt":{"rendered":"<p>Siro ja linjakas, mutta vahvaa tekoa oleva sohvap\u00f6yt\u00e4. Kuvan p\u00f6yd\u00e4ss\u00e4 k\u00e4ytetty punatammea ja loimukoivua. My\u00f6s yksinkertaisemmat versiot mahdollisia. kuvan p\u00f6yt\u00e4 610 euroa koivusta 360 euroa<\/p>\n","protected":false},"author":3,"featured_media":0,"parent":333,"menu_order":0,"comment_status":"open","ping_status":"open","template":"tuote.php","meta":{"om_disable_all_campaigns":false,"_monsterinsights_skip_tracking":false,"_monsterinsights_sitenote_active":false,"_monsterinsights_sitenote_note":"","_monsterinsights_sitenote_category":0,"footnotes":""},"class_list":["post-80","page","type-page","status-publish","hentry"],"aioseo_notices":[],"_links":{"self":[{"href":"https:\/\/woodentouch.fi\/wordpress\/wp-json\/wp\/v2\/pages\/80","targetHints":{"allow":["GET"]}}],"collection":[{"href":"https:\/\/woodentouch.fi\/wordpress\/wp-json\/wp\/v2\/pages"}],"about":[{"href":"https:\/\/woodentouch.fi\/wordpress\/wp-json\/wp\/v2\/types\/page"}],"author":[{"embeddable":true,"href":"https:\/\/woodentouch.fi\/wordpress\/wp-json\/wp\/v2\/users\/3"}],"replies":[{"embeddable":true,"href":"https:\/\/woodentouch.fi\/wordpress\/wp-json\/wp\/v2\/comments?post=80"}],"version-history":[{"count":12,"href":"https:\/\/woodentouch.fi\/wordpress\/wp-json\/wp\/v2\/pages\/80\/revisions"}],"predecessor-version":[{"id":2436,"href":"https:\/\/woodentouch.fi\/wordpress\/wp-json\/wp\/v2\/pages\/80\/revisions\/2436"}],"up":[{"embeddable":true,"href":"https:\/\/woodentouch.fi\/wordpress\/wp-json\/wp\/v2\/pages\/333"}],"wp:attachment":[{"href":"https:\/\/woodentouch.fi\/wordpress\/wp-json\/wp\/v2\/media?parent=80"}],"curies":[{"name":"wp","href":"https:\/\/api.w.org\/{rel}","templated":true}]}}