{"id":65,"date":"2013-10-21T11:01:56","date_gmt":"2013-10-21T08:01:56","guid":{"rendered":"http:\/\/www.woodentouch.fi\/wordpress\/?page_id=65"},"modified":"2024-04-10T13:30:06","modified_gmt":"2024-04-10T10:30:06","slug":"1poyta10","status":"publish","type":"page","link":"https:\/\/woodentouch.fi\/wordpress\/tuotteet\/galleria\/1poyta10\/","title":{"rendered":"1poyta10"},"content":{"rendered":"<p>Kunnon p\u00f6yt\u00e4 ei notku eik\u00e4 natise. Omapaino l\u00e4hemm\u00e4s sata kiloa. Se on massiivipuinen ruokap\u00f6yt\u00e4 200&#215;100 cm. Jalkojen vahvat liitokset antavat ilmett\u00e4 p\u00f6yd\u00e4n p\u00e4\u00e4tyihin. P\u00f6yt\u00e4 valmistetaan tilatuilla mitoilla haluttuun s\u00e4vyyn petsattuna.<\/p>\n<p>My\u00f6s sohvap\u00f6yd\u00e4t samalla tyylill\u00e4 mahdollisia.<\/p>\n<p>koivusta 1260 euroa<\/p>\n<p>tammesta 1730 euroa<\/p>\n<p>p\u00e4hkin\u00e4st\u00e4 1970 euroa<\/p>\n","protected":false},"excerpt":{"rendered":"<p>Kunnon p\u00f6yt\u00e4 ei notku eik\u00e4 natise. Omapaino l\u00e4hemm\u00e4s sata kiloa. Se on massiivipuinen ruokap\u00f6yt\u00e4 200&#215;100 cm. Jalkojen vahvat liitokset antavat ilmett\u00e4 p\u00f6yd\u00e4n p\u00e4\u00e4tyihin. P\u00f6yt\u00e4 valmistetaan tilatuilla mitoilla haluttuun s\u00e4vyyn petsattuna. My\u00f6s sohvap\u00f6yd\u00e4t samalla tyylill\u00e4 mahdollisia. koivusta 1260 euroa tammesta 1730 euroa p\u00e4hkin\u00e4st\u00e4 1970 euroa<\/p>\n","protected":false},"author":3,"featured_media":0,"parent":333,"menu_order":0,"comment_status":"open","ping_status":"closed","template":"tuote.php","meta":{"om_disable_all_campaigns":false,"_monsterinsights_skip_tracking":false,"_monsterinsights_sitenote_active":false,"_monsterinsights_sitenote_note":"","_monsterinsights_sitenote_category":0,"footnotes":""},"class_list":["post-65","page","type-page","status-publish","hentry"],"aioseo_notices":[],"_links":{"self":[{"href":"https:\/\/woodentouch.fi\/wordpress\/wp-json\/wp\/v2\/pages\/65","targetHints":{"allow":["GET"]}}],"collection":[{"href":"https:\/\/woodentouch.fi\/wordpress\/wp-json\/wp\/v2\/pages"}],"about":[{"href":"https:\/\/woodentouch.fi\/wordpress\/wp-json\/wp\/v2\/types\/page"}],"author":[{"embeddable":true,"href":"https:\/\/woodentouch.fi\/wordpress\/wp-json\/wp\/v2\/users\/3"}],"replies":[{"embeddable":true,"href":"https:\/\/woodentouch.fi\/wordpress\/wp-json\/wp\/v2\/comments?post=65"}],"version-history":[{"count":22,"href":"https:\/\/woodentouch.fi\/wordpress\/wp-json\/wp\/v2\/pages\/65\/revisions"}],"predecessor-version":[{"id":2924,"href":"https:\/\/woodentouch.fi\/wordpress\/wp-json\/wp\/v2\/pages\/65\/revisions\/2924"}],"up":[{"embeddable":true,"href":"https:\/\/woodentouch.fi\/wordpress\/wp-json\/wp\/v2\/pages\/333"}],"wp:attachment":[{"href":"https:\/\/woodentouch.fi\/wordpress\/wp-json\/wp\/v2\/media?parent=65"}],"curies":[{"name":"wp","href":"https:\/\/api.w.org\/{rel}","templated":true}]}}