{"id":459,"date":"2016-08-13T22:45:19","date_gmt":"2016-08-13T19:45:19","guid":{"rendered":"http:\/\/www.woodentouch.fi\/wordpress\/?page_id=459"},"modified":"2019-08-13T22:56:46","modified_gmt":"2019-08-13T19:56:46","slug":"salkku","status":"publish","type":"page","link":"https:\/\/woodentouch.fi\/wordpress\/tuotteet\/galleria\/salkku\/","title":{"rendered":"salkku"},"content":{"rendered":"<p>Omaan k\u00e4ytt\u00f6\u00f6n tehty ty\u00f6kalusalkku. Vain markkinoiden parhaat ty\u00f6kalut on kelpuutettu mukaan ja osa on tehty itse.<\/p>\n","protected":false},"excerpt":{"rendered":"<p>Omaan k\u00e4ytt\u00f6\u00f6n tehty ty\u00f6kalusalkku. Vain markkinoiden parhaat ty\u00f6kalut on kelpuutettu mukaan ja osa on tehty itse.<\/p>\n","protected":false},"author":3,"featured_media":0,"parent":333,"menu_order":0,"comment_status":"closed","ping_status":"open","template":"tuote.php","meta":{"om_disable_all_campaigns":false,"_monsterinsights_skip_tracking":false,"_monsterinsights_sitenote_active":false,"_monsterinsights_sitenote_note":"","_monsterinsights_sitenote_category":0,"footnotes":""},"class_list":["post-459","page","type-page","status-publish","hentry"],"aioseo_notices":[],"_links":{"self":[{"href":"https:\/\/woodentouch.fi\/wordpress\/wp-json\/wp\/v2\/pages\/459","targetHints":{"allow":["GET"]}}],"collection":[{"href":"https:\/\/woodentouch.fi\/wordpress\/wp-json\/wp\/v2\/pages"}],"about":[{"href":"https:\/\/woodentouch.fi\/wordpress\/wp-json\/wp\/v2\/types\/page"}],"author":[{"embeddable":true,"href":"https:\/\/woodentouch.fi\/wordpress\/wp-json\/wp\/v2\/users\/3"}],"replies":[{"embeddable":true,"href":"https:\/\/woodentouch.fi\/wordpress\/wp-json\/wp\/v2\/comments?post=459"}],"version-history":[{"count":5,"href":"https:\/\/woodentouch.fi\/wordpress\/wp-json\/wp\/v2\/pages\/459\/revisions"}],"predecessor-version":[{"id":2693,"href":"https:\/\/woodentouch.fi\/wordpress\/wp-json\/wp\/v2\/pages\/459\/revisions\/2693"}],"up":[{"embeddable":true,"href":"https:\/\/woodentouch.fi\/wordpress\/wp-json\/wp\/v2\/pages\/333"}],"wp:attachment":[{"href":"https:\/\/woodentouch.fi\/wordpress\/wp-json\/wp\/v2\/media?parent=459"}],"curies":[{"name":"wp","href":"https:\/\/api.w.org\/{rel}","templated":true}]}}