{"id":398,"date":"2009-06-24T16:33:46","date_gmt":"2009-06-24T13:33:46","guid":{"rendered":"http:\/\/www.woodentouch.fi\/wordpress\/?page_id=398"},"modified":"2015-06-30T21:06:45","modified_gmt":"2015-06-30T18:06:45","slug":"tv-taso250","status":"publish","type":"page","link":"https:\/\/woodentouch.fi\/wordpress\/tuotteet\/galleria\/tv-taso250\/","title":{"rendered":"TV-taso250"},"content":{"rendered":"<p>P\u00e4hkin\u00e4puu tekee t\u00e4st\u00e4 tasosta todella n\u00e4ytt\u00e4v\u00e4n. Kun on kunnon raaka-aineet, niin design voi olla yksinkertainen. Muoviurassa olevat etsatut lasit liukuvat niin kevyesti, etteiv\u00e4t ne vetimi\u00e4 kaipaa.<\/p>\n<p>Sis\u00e4ll\u00e4 ei ole kuin yksi hylly ilman v\u00e4liseini\u00e4. N\u00e4in taso el\u00e4\u00e4 erilaisten laitteiden mukaan ja mahdollistaa uusien erikokoisten\u00a0laitteiden sijoittelun vapaasti.<\/p>\n<p>T\u00e4h\u00e4n kunnon johtokaukalot, niin siin\u00e4 on tv-taso loppuel\u00e4m\u00e4ksi.<\/p>\n<p>N\u00e4it\u00e4 on ilo valmistaa.<\/p>\n<p>160x50x45 p\u00e4hkin\u00e4 1520 euroa<\/p>\n","protected":false},"excerpt":{"rendered":"<p>P\u00e4hkin\u00e4puu tekee t\u00e4st\u00e4 tasosta todella n\u00e4ytt\u00e4v\u00e4n. Kun on kunnon raaka-aineet, niin design voi olla yksinkertainen. Muoviurassa olevat etsatut lasit liukuvat niin kevyesti, etteiv\u00e4t ne vetimi\u00e4 kaipaa. Sis\u00e4ll\u00e4 ei ole kuin yksi hylly ilman v\u00e4liseini\u00e4. N\u00e4in taso el\u00e4\u00e4 erilaisten laitteiden mukaan ja mahdollistaa uusien erikokoisten\u00a0laitteiden sijoittelun vapaasti. T\u00e4h\u00e4n kunnon johtokaukalot, niin siin\u00e4 on tv-taso loppuel\u00e4m\u00e4ksi. N\u00e4it\u00e4 [&hellip;]<\/p>\n","protected":false},"author":3,"featured_media":0,"parent":333,"menu_order":0,"comment_status":"open","ping_status":"open","template":"tuote.php","meta":{"om_disable_all_campaigns":false,"_monsterinsights_skip_tracking":false,"_monsterinsights_sitenote_active":false,"_monsterinsights_sitenote_note":"","_monsterinsights_sitenote_category":0,"footnotes":""},"class_list":["post-398","page","type-page","status-publish","hentry"],"aioseo_notices":[],"_links":{"self":[{"href":"https:\/\/woodentouch.fi\/wordpress\/wp-json\/wp\/v2\/pages\/398","targetHints":{"allow":["GET"]}}],"collection":[{"href":"https:\/\/woodentouch.fi\/wordpress\/wp-json\/wp\/v2\/pages"}],"about":[{"href":"https:\/\/woodentouch.fi\/wordpress\/wp-json\/wp\/v2\/types\/page"}],"author":[{"embeddable":true,"href":"https:\/\/woodentouch.fi\/wordpress\/wp-json\/wp\/v2\/users\/3"}],"replies":[{"embeddable":true,"href":"https:\/\/woodentouch.fi\/wordpress\/wp-json\/wp\/v2\/comments?post=398"}],"version-history":[{"count":9,"href":"https:\/\/woodentouch.fi\/wordpress\/wp-json\/wp\/v2\/pages\/398\/revisions"}],"predecessor-version":[{"id":2444,"href":"https:\/\/woodentouch.fi\/wordpress\/wp-json\/wp\/v2\/pages\/398\/revisions\/2444"}],"up":[{"embeddable":true,"href":"https:\/\/woodentouch.fi\/wordpress\/wp-json\/wp\/v2\/pages\/333"}],"wp:attachment":[{"href":"https:\/\/woodentouch.fi\/wordpress\/wp-json\/wp\/v2\/media?parent=398"}],"curies":[{"name":"wp","href":"https:\/\/api.w.org\/{rel}","templated":true}]}}