{"id":396,"date":"2009-06-24T16:31:54","date_gmt":"2009-06-24T13:31:54","guid":{"rendered":"http:\/\/www.woodentouch.fi\/wordpress\/?page_id=396"},"modified":"2015-06-30T21:07:18","modified_gmt":"2015-06-30T18:07:18","slug":"senkki","status":"publish","type":"page","link":"https:\/\/woodentouch.fi\/wordpress\/tuotteet\/galleria\/senkki\/","title":{"rendered":"Senkki"},"content":{"rendered":"<p>Linjakas senkki on yksinkertainen ja tyylik\u00e4s. Muuten massiivista olemusta kevent\u00e4\u00e4 erilliset jalat.<\/p>\n<p>Parhaimmillaan petsattu koivu on hieno vaihtoehto, ja n\u00e4m\u00e4 kalusteet l\u00f6yt\u00e4v\u00e4t kyll\u00e4 paikkansa viel\u00e4 vuosienkin j\u00e4lkeen vaikka muuton yll\u00e4tt\u00e4ess\u00e4.<\/p>\n<p>200x90x40 petsattu koivu 1280 euroa<\/p>\n","protected":false},"excerpt":{"rendered":"<p>Linjakas senkki on yksinkertainen ja tyylik\u00e4s. Muuten massiivista olemusta kevent\u00e4\u00e4 erilliset jalat. Parhaimmillaan petsattu koivu on hieno vaihtoehto, ja n\u00e4m\u00e4 kalusteet l\u00f6yt\u00e4v\u00e4t kyll\u00e4 paikkansa viel\u00e4 vuosienkin j\u00e4lkeen vaikka muuton yll\u00e4tt\u00e4ess\u00e4. 200x90x40 petsattu koivu 1280 euroa<\/p>\n","protected":false},"author":3,"featured_media":0,"parent":333,"menu_order":0,"comment_status":"open","ping_status":"open","template":"tuote.php","meta":{"om_disable_all_campaigns":false,"_monsterinsights_skip_tracking":false,"_monsterinsights_sitenote_active":false,"_monsterinsights_sitenote_note":"","_monsterinsights_sitenote_category":0,"footnotes":""},"class_list":["post-396","page","type-page","status-publish","hentry"],"aioseo_notices":[],"_links":{"self":[{"href":"https:\/\/woodentouch.fi\/wordpress\/wp-json\/wp\/v2\/pages\/396","targetHints":{"allow":["GET"]}}],"collection":[{"href":"https:\/\/woodentouch.fi\/wordpress\/wp-json\/wp\/v2\/pages"}],"about":[{"href":"https:\/\/woodentouch.fi\/wordpress\/wp-json\/wp\/v2\/types\/page"}],"author":[{"embeddable":true,"href":"https:\/\/woodentouch.fi\/wordpress\/wp-json\/wp\/v2\/users\/3"}],"replies":[{"embeddable":true,"href":"https:\/\/woodentouch.fi\/wordpress\/wp-json\/wp\/v2\/comments?post=396"}],"version-history":[{"count":8,"href":"https:\/\/woodentouch.fi\/wordpress\/wp-json\/wp\/v2\/pages\/396\/revisions"}],"predecessor-version":[{"id":2445,"href":"https:\/\/woodentouch.fi\/wordpress\/wp-json\/wp\/v2\/pages\/396\/revisions\/2445"}],"up":[{"embeddable":true,"href":"https:\/\/woodentouch.fi\/wordpress\/wp-json\/wp\/v2\/pages\/333"}],"wp:attachment":[{"href":"https:\/\/woodentouch.fi\/wordpress\/wp-json\/wp\/v2\/media?parent=396"}],"curies":[{"name":"wp","href":"https:\/\/api.w.org\/{rel}","templated":true}]}}