{"id":372,"date":"2009-06-24T16:26:00","date_gmt":"2009-06-24T13:26:00","guid":{"rendered":"http:\/\/www.woodentouch.fi\/wordpress\/?page_id=372"},"modified":"2021-08-30T22:21:07","modified_gmt":"2021-08-30T19:21:07","slug":"tilaukset","status":"publish","type":"page","link":"https:\/\/woodentouch.fi\/wordpress\/golf\/tilaukset\/","title":{"rendered":"tilaukset"},"content":{"rendered":"<p>Putterin hinta on 280 euroa. Mahdollinen kaiverrus on 15 euroa ja toimitus postitse 16 euroa.<\/p>\n<p>Toimitusaika on 1-10 p\u00e4iv\u00e4\u00e4 tilauksesta.<\/p>\n<p>&nbsp;<\/p>\n<p>&nbsp;<\/p>\n","protected":false},"excerpt":{"rendered":"<p>Putterin hinta on 280 euroa. Mahdollinen kaiverrus on 15 euroa ja toimitus postitse 16 euroa. Toimitusaika on 1-10 p\u00e4iv\u00e4\u00e4 tilauksesta. &nbsp; &nbsp;<\/p>\n","protected":false},"author":3,"featured_media":0,"parent":364,"menu_order":0,"comment_status":"open","ping_status":"open","template":"","meta":{"om_disable_all_campaigns":false,"_monsterinsights_skip_tracking":false,"_monsterinsights_sitenote_active":false,"_monsterinsights_sitenote_note":"","_monsterinsights_sitenote_category":0,"footnotes":""},"class_list":["post-372","page","type-page","status-publish","hentry"],"aioseo_notices":[],"_links":{"self":[{"href":"https:\/\/woodentouch.fi\/wordpress\/wp-json\/wp\/v2\/pages\/372","targetHints":{"allow":["GET"]}}],"collection":[{"href":"https:\/\/woodentouch.fi\/wordpress\/wp-json\/wp\/v2\/pages"}],"about":[{"href":"https:\/\/woodentouch.fi\/wordpress\/wp-json\/wp\/v2\/types\/page"}],"author":[{"embeddable":true,"href":"https:\/\/woodentouch.fi\/wordpress\/wp-json\/wp\/v2\/users\/3"}],"replies":[{"embeddable":true,"href":"https:\/\/woodentouch.fi\/wordpress\/wp-json\/wp\/v2\/comments?post=372"}],"version-history":[{"count":13,"href":"https:\/\/woodentouch.fi\/wordpress\/wp-json\/wp\/v2\/pages\/372\/revisions"}],"predecessor-version":[{"id":2900,"href":"https:\/\/woodentouch.fi\/wordpress\/wp-json\/wp\/v2\/pages\/372\/revisions\/2900"}],"up":[{"embeddable":true,"href":"https:\/\/woodentouch.fi\/wordpress\/wp-json\/wp\/v2\/pages\/364"}],"wp:attachment":[{"href":"https:\/\/woodentouch.fi\/wordpress\/wp-json\/wp\/v2\/media?parent=372"}],"curies":[{"name":"wp","href":"https:\/\/api.w.org\/{rel}","templated":true}]}}