{"id":368,"date":"2009-06-24T16:24:37","date_gmt":"2009-06-24T13:24:37","guid":{"rendered":"http:\/\/www.woodentouch.fi\/wordpress\/?page_id=368"},"modified":"2021-08-30T22:20:21","modified_gmt":"2021-08-30T19:20:21","slug":"putteri","status":"publish","type":"page","link":"https:\/\/woodentouch.fi\/wordpress\/golf\/putteri\/","title":{"rendered":"putteri"},"content":{"rendered":"<p>Wooden Touch on k\u00e4sintehty golfputteri. Yli kymmenen vuoden h\u00f6yl\u00e4yksen ja viilauksen j\u00e4lkeen uusi Wooden Touch putteri on entist\u00e4 parempi.<\/p>\n<p>Tarkempi painotus, viimeistellymm\u00e4t yksityiskohdat sek\u00e4 uusi design p\u00e4hkin\u00e4puusta ja ruostumatttomasta ter\u00e4ksest\u00e4. Epoksista valetut upotukset ja ly\u00f6ntikohdan insertti.<\/p>\n<p>\u00c4l\u00e4 anna korumaisen ulkon\u00e4\u00f6n h\u00e4m\u00e4t\u00e4; Wooden Touch on tehty kovaan k\u00e4ytt\u00f6\u00f6n.<\/p>\n<p><span style=\"color: #ff6600;\">Putteri on mahdollista yksil\u00f6id\u00e4 nimikaiverruksella, ja n\u00e4in ollen se on erinomainen lahja.<\/span><\/p>\n<p>&nbsp;<\/p>\n<p><span style=\"color: #ff6600;\"><a style=\"color: #ff6600;\" href=\"https:\/\/woodentouch.fi\/wordpress\/golf\/tilaukset\/\">TILAUKSET, TOIMITUSAIKA JA HINTA<\/a><\/span><\/p>\n<p>&nbsp;<\/p>\n","protected":false},"excerpt":{"rendered":"<p>Wooden Touch on k\u00e4sintehty golfputteri. Yli kymmenen vuoden h\u00f6yl\u00e4yksen ja viilauksen j\u00e4lkeen uusi Wooden Touch putteri on entist\u00e4 parempi. Tarkempi painotus, viimeistellymm\u00e4t yksityiskohdat sek\u00e4 uusi design p\u00e4hkin\u00e4puusta ja ruostumatttomasta ter\u00e4ksest\u00e4. Epoksista valetut upotukset ja ly\u00f6ntikohdan insertti. \u00c4l\u00e4 anna korumaisen ulkon\u00e4\u00f6n h\u00e4m\u00e4t\u00e4; Wooden Touch on tehty kovaan k\u00e4ytt\u00f6\u00f6n. Putteri on mahdollista yksil\u00f6id\u00e4 nimikaiverruksella, ja n\u00e4in ollen [&hellip;]<\/p>\n","protected":false},"author":3,"featured_media":0,"parent":364,"menu_order":0,"comment_status":"open","ping_status":"open","template":"","meta":{"om_disable_all_campaigns":false,"_monsterinsights_skip_tracking":false,"_monsterinsights_sitenote_active":false,"_monsterinsights_sitenote_note":"","_monsterinsights_sitenote_category":0,"footnotes":""},"class_list":["post-368","page","type-page","status-publish","hentry"],"aioseo_notices":[],"_links":{"self":[{"href":"https:\/\/woodentouch.fi\/wordpress\/wp-json\/wp\/v2\/pages\/368","targetHints":{"allow":["GET"]}}],"collection":[{"href":"https:\/\/woodentouch.fi\/wordpress\/wp-json\/wp\/v2\/pages"}],"about":[{"href":"https:\/\/woodentouch.fi\/wordpress\/wp-json\/wp\/v2\/types\/page"}],"author":[{"embeddable":true,"href":"https:\/\/woodentouch.fi\/wordpress\/wp-json\/wp\/v2\/users\/3"}],"replies":[{"embeddable":true,"href":"https:\/\/woodentouch.fi\/wordpress\/wp-json\/wp\/v2\/comments?post=368"}],"version-history":[{"count":33,"href":"https:\/\/woodentouch.fi\/wordpress\/wp-json\/wp\/v2\/pages\/368\/revisions"}],"predecessor-version":[{"id":2899,"href":"https:\/\/woodentouch.fi\/wordpress\/wp-json\/wp\/v2\/pages\/368\/revisions\/2899"}],"up":[{"embeddable":true,"href":"https:\/\/woodentouch.fi\/wordpress\/wp-json\/wp\/v2\/pages\/364"}],"wp:attachment":[{"href":"https:\/\/woodentouch.fi\/wordpress\/wp-json\/wp\/v2\/media?parent=368"}],"curies":[{"name":"wp","href":"https:\/\/api.w.org\/{rel}","templated":true}]}}