{"id":364,"date":"2009-06-24T16:23:04","date_gmt":"2009-06-24T13:23:04","guid":{"rendered":"http:\/\/www.woodentouch.fi\/wordpress\/?page_id=364"},"modified":"2021-08-18T15:56:43","modified_gmt":"2021-08-18T12:56:43","slug":"golf","status":"publish","type":"page","link":"https:\/\/woodentouch.fi\/wordpress\/golf\/","title":{"rendered":"golf"},"content":{"rendered":"<p style=\"margin-bottom: 0cm;\">Reilu kymmenen vuotta sitten tein ensimm\u00e4isen putterin\u00a0&#8211; siihen j\u00e4i viel\u00e4 toivomisen varaa<\/p>\n<p style=\"margin-bottom: 0cm;\">Toinen ja kolmas olivat jo sinnep\u00e4in<\/p>\n<p style=\"margin-bottom: 0cm;\">Viidennen tai kuudennen kohdalla joku muukin halusi jo sellaisen<\/p>\n<p style=\"margin-bottom: 0cm;\"><span style=\"color: #ffffff;\">Nyt uusi Wooden Touch n\u00e4ytt\u00e4\u00e4 t\u00e4lt\u00e4<\/span><\/p>\n<p style=\"margin-bottom: 0cm;\"><span style=\"color: #ff6600;\"><a style=\"color: #ff6600;\" href=\"https:\/\/woodentouch.fi\/wordpress\/golf\/putteri\/\">PUTTERI<\/a><\/span><\/p>\n<p style=\"margin-bottom: 0cm;\"><span style=\"color: #ff6600;\"><a style=\"color: #ff6600;\" href=\"https:\/\/woodentouch.fi\/wordpress\/golf\/tilaukset\/\">TILAUKSET<\/a><\/span><\/p>\n","protected":false},"excerpt":{"rendered":"<p>Reilu kymmenen vuotta sitten tein ensimm\u00e4isen putterin\u00a0&#8211; siihen j\u00e4i viel\u00e4 toivomisen varaa Toinen ja kolmas olivat jo sinnep\u00e4in Viidennen tai kuudennen kohdalla joku muukin halusi jo sellaisen Nyt uusi Wooden Touch n\u00e4ytt\u00e4\u00e4 t\u00e4lt\u00e4 PUTTERI TILAUKSET<\/p>\n","protected":false},"author":3,"featured_media":0,"parent":0,"menu_order":40,"comment_status":"open","ping_status":"open","template":"","meta":{"om_disable_all_campaigns":false,"_monsterinsights_skip_tracking":false,"_monsterinsights_sitenote_active":false,"_monsterinsights_sitenote_note":"","_monsterinsights_sitenote_category":0,"footnotes":""},"class_list":["post-364","page","type-page","status-publish","hentry"],"aioseo_notices":[],"_links":{"self":[{"href":"https:\/\/woodentouch.fi\/wordpress\/wp-json\/wp\/v2\/pages\/364","targetHints":{"allow":["GET"]}}],"collection":[{"href":"https:\/\/woodentouch.fi\/wordpress\/wp-json\/wp\/v2\/pages"}],"about":[{"href":"https:\/\/woodentouch.fi\/wordpress\/wp-json\/wp\/v2\/types\/page"}],"author":[{"embeddable":true,"href":"https:\/\/woodentouch.fi\/wordpress\/wp-json\/wp\/v2\/users\/3"}],"replies":[{"embeddable":true,"href":"https:\/\/woodentouch.fi\/wordpress\/wp-json\/wp\/v2\/comments?post=364"}],"version-history":[{"count":21,"href":"https:\/\/woodentouch.fi\/wordpress\/wp-json\/wp\/v2\/pages\/364\/revisions"}],"predecessor-version":[{"id":2878,"href":"https:\/\/woodentouch.fi\/wordpress\/wp-json\/wp\/v2\/pages\/364\/revisions\/2878"}],"wp:attachment":[{"href":"https:\/\/woodentouch.fi\/wordpress\/wp-json\/wp\/v2\/media?parent=364"}],"curies":[{"name":"wp","href":"https:\/\/api.w.org\/{rel}","templated":true}]}}