{"id":360,"date":"2009-06-24T16:21:26","date_gmt":"2009-06-24T13:21:26","guid":{"rendered":"http:\/\/www.woodentouch.fi\/wordpress\/?page_id=360"},"modified":"2021-07-22T15:09:40","modified_gmt":"2021-07-22T12:09:40","slug":"toimitus","status":"publish","type":"page","link":"https:\/\/woodentouch.fi\/wordpress\/tuotteet\/toimitus\/","title":{"rendered":"toimitus"},"content":{"rendered":"<p>Kaikki tuotteet ovat mittatilausty\u00f6t\u00e4 ja toimitusaika vaihtelee projektin koon, k\u00e4ytett\u00e4vien materiaalien ja tilauskannan mukaan. Kalusteet ovat kokonaisia oikeita huonekaluja, eik\u00e4 vaikeasti koottavia rakennussarjoja.<\/p>\n<p>Tarvittaessa toimitus j\u00e4rjestyy kotiin asti, ymp\u00e4ri suomen.<\/p>\n<p>Toimitus Jyv\u00e4skyl\u00e4n alueella 50 euroa ja p\u00e4\u00e4kaupunkiseudulle 130 euroa muiden toimitusten yhteydess\u00e4. Muu suomi tapauskohtaisesti.<\/p>\n","protected":false},"excerpt":{"rendered":"<p>Kaikki tuotteet ovat mittatilausty\u00f6t\u00e4 ja toimitusaika vaihtelee projektin koon, k\u00e4ytett\u00e4vien materiaalien ja tilauskannan mukaan. Kalusteet ovat kokonaisia oikeita huonekaluja, eik\u00e4 vaikeasti koottavia rakennussarjoja. Tarvittaessa toimitus j\u00e4rjestyy kotiin asti, ymp\u00e4ri suomen. Toimitus Jyv\u00e4skyl\u00e4n alueella 50 euroa ja p\u00e4\u00e4kaupunkiseudulle 130 euroa muiden toimitusten yhteydess\u00e4. Muu suomi tapauskohtaisesti.<\/p>\n","protected":false},"author":3,"featured_media":0,"parent":315,"menu_order":5,"comment_status":"open","ping_status":"open","template":"","meta":{"om_disable_all_campaigns":false,"_monsterinsights_skip_tracking":false,"_monsterinsights_sitenote_active":false,"_monsterinsights_sitenote_note":"","_monsterinsights_sitenote_category":0,"footnotes":""},"class_list":["post-360","page","type-page","status-publish","hentry"],"aioseo_notices":[],"_links":{"self":[{"href":"https:\/\/woodentouch.fi\/wordpress\/wp-json\/wp\/v2\/pages\/360","targetHints":{"allow":["GET"]}}],"collection":[{"href":"https:\/\/woodentouch.fi\/wordpress\/wp-json\/wp\/v2\/pages"}],"about":[{"href":"https:\/\/woodentouch.fi\/wordpress\/wp-json\/wp\/v2\/types\/page"}],"author":[{"embeddable":true,"href":"https:\/\/woodentouch.fi\/wordpress\/wp-json\/wp\/v2\/users\/3"}],"replies":[{"embeddable":true,"href":"https:\/\/woodentouch.fi\/wordpress\/wp-json\/wp\/v2\/comments?post=360"}],"version-history":[{"count":16,"href":"https:\/\/woodentouch.fi\/wordpress\/wp-json\/wp\/v2\/pages\/360\/revisions"}],"predecessor-version":[{"id":2842,"href":"https:\/\/woodentouch.fi\/wordpress\/wp-json\/wp\/v2\/pages\/360\/revisions\/2842"}],"up":[{"embeddable":true,"href":"https:\/\/woodentouch.fi\/wordpress\/wp-json\/wp\/v2\/pages\/315"}],"wp:attachment":[{"href":"https:\/\/woodentouch.fi\/wordpress\/wp-json\/wp\/v2\/media?parent=360"}],"curies":[{"name":"wp","href":"https:\/\/api.w.org\/{rel}","templated":true}]}}