{"id":352,"date":"2009-06-24T16:25:20","date_gmt":"2009-06-24T13:25:20","guid":{"rendered":"http:\/\/www.woodentouch.fi\/wordpress\/?page_id=352"},"modified":"2015-06-30T21:07:54","modified_gmt":"2015-06-30T18:07:54","slug":"sangynpaaty-2","status":"publish","type":"page","link":"https:\/\/woodentouch.fi\/wordpress\/tuotteet\/galleria\/sangynpaaty-2\/","title":{"rendered":"S\u00e4ngynp\u00e4\u00e4ty 2"},"content":{"rendered":"<p>S\u00e4ngynp\u00e4\u00e4ty, jossa molemmilla puolilla omat k\u00e4tev\u00e4t hyllyt. Hyv\u00e4ll\u00e4 maulla valittu p\u00e4iv\u00e4peitto tuo t\u00e4m\u00e4n upean p\u00e4\u00e4dyn hienosti esille.<\/p>\n<p>Irralliset lukuvalot voidaan asentaa p\u00e4\u00e4dyn p\u00e4\u00e4lle. Huomaa pieni kaltevuus p\u00e4\u00e4tylevyss\u00e4. Rohkeimmat sisustajat ovat laittaneet n\u00e4ihin tasoihin tyynyt roikkumaan selk\u00e4nojiksi.<\/p>\n<p>180&#215;110 petsattu koivu 960 euroa<\/p>\n","protected":false},"excerpt":{"rendered":"<p>S\u00e4ngynp\u00e4\u00e4ty, jossa molemmilla puolilla omat k\u00e4tev\u00e4t hyllyt. Hyv\u00e4ll\u00e4 maulla valittu p\u00e4iv\u00e4peitto tuo t\u00e4m\u00e4n upean p\u00e4\u00e4dyn hienosti esille. Irralliset lukuvalot voidaan asentaa p\u00e4\u00e4dyn p\u00e4\u00e4lle. Huomaa pieni kaltevuus p\u00e4\u00e4tylevyss\u00e4. Rohkeimmat sisustajat ovat laittaneet n\u00e4ihin tasoihin tyynyt roikkumaan selk\u00e4nojiksi. 180&#215;110 petsattu koivu 960 euroa<\/p>\n","protected":false},"author":3,"featured_media":0,"parent":333,"menu_order":0,"comment_status":"open","ping_status":"open","template":"tuote.php","meta":{"om_disable_all_campaigns":false,"_monsterinsights_skip_tracking":false,"_monsterinsights_sitenote_active":false,"_monsterinsights_sitenote_note":"","_monsterinsights_sitenote_category":0,"footnotes":""},"class_list":["post-352","page","type-page","status-publish","hentry"],"aioseo_notices":[],"_links":{"self":[{"href":"https:\/\/woodentouch.fi\/wordpress\/wp-json\/wp\/v2\/pages\/352","targetHints":{"allow":["GET"]}}],"collection":[{"href":"https:\/\/woodentouch.fi\/wordpress\/wp-json\/wp\/v2\/pages"}],"about":[{"href":"https:\/\/woodentouch.fi\/wordpress\/wp-json\/wp\/v2\/types\/page"}],"author":[{"embeddable":true,"href":"https:\/\/woodentouch.fi\/wordpress\/wp-json\/wp\/v2\/users\/3"}],"replies":[{"embeddable":true,"href":"https:\/\/woodentouch.fi\/wordpress\/wp-json\/wp\/v2\/comments?post=352"}],"version-history":[{"count":7,"href":"https:\/\/woodentouch.fi\/wordpress\/wp-json\/wp\/v2\/pages\/352\/revisions"}],"predecessor-version":[{"id":2446,"href":"https:\/\/woodentouch.fi\/wordpress\/wp-json\/wp\/v2\/pages\/352\/revisions\/2446"}],"up":[{"embeddable":true,"href":"https:\/\/woodentouch.fi\/wordpress\/wp-json\/wp\/v2\/pages\/333"}],"wp:attachment":[{"href":"https:\/\/woodentouch.fi\/wordpress\/wp-json\/wp\/v2\/media?parent=352"}],"curies":[{"name":"wp","href":"https:\/\/api.w.org\/{rel}","templated":true}]}}