{"id":327,"date":"2009-06-24T16:15:18","date_gmt":"2009-06-24T13:15:18","guid":{"rendered":"http:\/\/www.woodentouch.fi\/wordpress\/?page_id=327"},"modified":"2024-04-10T13:51:19","modified_gmt":"2024-04-10T10:51:19","slug":"kaappi8","status":"publish","type":"page","link":"https:\/\/woodentouch.fi\/wordpress\/tuotteet\/galleria\/kaappi8\/","title":{"rendered":"Kaappi80"},"content":{"rendered":"<p>Valkoinen ja tumma puu toimivat yhdess\u00e4.<\/p>\n<p>Yksil\u00f6llisesti suunnitellulle senkille l\u00f6ytyy paljon eri k\u00e4ytt\u00f6sovelluksia. Jokaiselle se suunnitellaan erikseen.<\/p>\n<p>Ovet ja laatikot voidaan toteuttaa my\u00f6s ilman vetimi\u00e4.<\/p>\n<p>180x90x45 petsattu koivu 1480<\/p>\n","protected":false},"excerpt":{"rendered":"<p>Valkoinen ja tumma puu toimivat yhdess\u00e4. Yksil\u00f6llisesti suunnitellulle senkille l\u00f6ytyy paljon eri k\u00e4ytt\u00f6sovelluksia. Jokaiselle se suunnitellaan erikseen. Ovet ja laatikot voidaan toteuttaa my\u00f6s ilman vetimi\u00e4. 180x90x45 petsattu koivu 1480<\/p>\n","protected":false},"author":3,"featured_media":0,"parent":333,"menu_order":0,"comment_status":"open","ping_status":"open","template":"tuote.php","meta":{"om_disable_all_campaigns":false,"_monsterinsights_skip_tracking":false,"_monsterinsights_sitenote_active":false,"_monsterinsights_sitenote_note":"","_monsterinsights_sitenote_category":0,"footnotes":""},"class_list":["post-327","page","type-page","status-publish","hentry"],"aioseo_notices":[],"_links":{"self":[{"href":"https:\/\/woodentouch.fi\/wordpress\/wp-json\/wp\/v2\/pages\/327","targetHints":{"allow":["GET"]}}],"collection":[{"href":"https:\/\/woodentouch.fi\/wordpress\/wp-json\/wp\/v2\/pages"}],"about":[{"href":"https:\/\/woodentouch.fi\/wordpress\/wp-json\/wp\/v2\/types\/page"}],"author":[{"embeddable":true,"href":"https:\/\/woodentouch.fi\/wordpress\/wp-json\/wp\/v2\/users\/3"}],"replies":[{"embeddable":true,"href":"https:\/\/woodentouch.fi\/wordpress\/wp-json\/wp\/v2\/comments?post=327"}],"version-history":[{"count":11,"href":"https:\/\/woodentouch.fi\/wordpress\/wp-json\/wp\/v2\/pages\/327\/revisions"}],"predecessor-version":[{"id":2942,"href":"https:\/\/woodentouch.fi\/wordpress\/wp-json\/wp\/v2\/pages\/327\/revisions\/2942"}],"up":[{"embeddable":true,"href":"https:\/\/woodentouch.fi\/wordpress\/wp-json\/wp\/v2\/pages\/333"}],"wp:attachment":[{"href":"https:\/\/woodentouch.fi\/wordpress\/wp-json\/wp\/v2\/media?parent=327"}],"curies":[{"name":"wp","href":"https:\/\/api.w.org\/{rel}","templated":true}]}}