{"id":320,"date":"2009-06-24T16:12:37","date_gmt":"2009-06-24T13:12:37","guid":{"rendered":"http:\/\/www.woodentouch.fi\/wordpress\/?page_id=320"},"modified":"2015-06-23T12:35:23","modified_gmt":"2015-06-23T09:35:23","slug":"poyta180","status":"publish","type":"page","link":"https:\/\/woodentouch.fi\/wordpress\/tuotteet\/galleria\/poyta180\/","title":{"rendered":"poyta180"},"content":{"rendered":"<p>P\u00e4hkin\u00e4puinen p\u00f6yt\u00e4 sinkkaliitoksin. P\u00e4hkin\u00e4puun ainutlaatuinen syykuvio korostuu p\u00e4\u00e4tyjen sinkkaliitoksissa.<\/p>\n<p>P\u00e4\u00e4tysyyn voimakas kuvio ja sinkkaliitos kertovat v\u00e4litt\u00f6m\u00e4sti miten ja mist\u00e4\u00a0t\u00e4m\u00e4 p\u00f6yt\u00e4 on valmistettu.<\/p>\n<p>200&#215;100 1890 euroa<\/p>\n<p>220&#215;100 2080 euroa<\/p>\n<p>240&#215;100 2310 euroa<\/p>\n","protected":false},"excerpt":{"rendered":"<p>P\u00e4hkin\u00e4puinen p\u00f6yt\u00e4 sinkkaliitoksin. P\u00e4hkin\u00e4puun ainutlaatuinen syykuvio korostuu p\u00e4\u00e4tyjen sinkkaliitoksissa. P\u00e4\u00e4tysyyn voimakas kuvio ja sinkkaliitos kertovat v\u00e4litt\u00f6m\u00e4sti miten ja mist\u00e4\u00a0t\u00e4m\u00e4 p\u00f6yt\u00e4 on valmistettu. 200&#215;100 1890 euroa 220&#215;100 2080 euroa 240&#215;100 2310 euroa<\/p>\n","protected":false},"author":3,"featured_media":0,"parent":333,"menu_order":0,"comment_status":"open","ping_status":"open","template":"tuote.php","meta":{"om_disable_all_campaigns":false,"_monsterinsights_skip_tracking":false,"_monsterinsights_sitenote_active":false,"_monsterinsights_sitenote_note":"","_monsterinsights_sitenote_category":0,"footnotes":""},"class_list":["post-320","page","type-page","status-publish","hentry"],"aioseo_notices":[],"_links":{"self":[{"href":"https:\/\/woodentouch.fi\/wordpress\/wp-json\/wp\/v2\/pages\/320","targetHints":{"allow":["GET"]}}],"collection":[{"href":"https:\/\/woodentouch.fi\/wordpress\/wp-json\/wp\/v2\/pages"}],"about":[{"href":"https:\/\/woodentouch.fi\/wordpress\/wp-json\/wp\/v2\/types\/page"}],"author":[{"embeddable":true,"href":"https:\/\/woodentouch.fi\/wordpress\/wp-json\/wp\/v2\/users\/3"}],"replies":[{"embeddable":true,"href":"https:\/\/woodentouch.fi\/wordpress\/wp-json\/wp\/v2\/comments?post=320"}],"version-history":[{"count":10,"href":"https:\/\/woodentouch.fi\/wordpress\/wp-json\/wp\/v2\/pages\/320\/revisions"}],"predecessor-version":[{"id":2419,"href":"https:\/\/woodentouch.fi\/wordpress\/wp-json\/wp\/v2\/pages\/320\/revisions\/2419"}],"up":[{"embeddable":true,"href":"https:\/\/woodentouch.fi\/wordpress\/wp-json\/wp\/v2\/pages\/333"}],"wp:attachment":[{"href":"https:\/\/woodentouch.fi\/wordpress\/wp-json\/wp\/v2\/media?parent=320"}],"curies":[{"name":"wp","href":"https:\/\/api.w.org\/{rel}","templated":true}]}}