{"id":308,"date":"2009-06-24T16:08:52","date_gmt":"2009-06-24T13:08:52","guid":{"rendered":"http:\/\/www.woodentouch.fi\/wordpress\/?page_id=308"},"modified":"2021-08-19T15:57:18","modified_gmt":"2021-08-19T12:57:18","slug":"tv-taso230","status":"publish","type":"page","link":"https:\/\/woodentouch.fi\/wordpress\/tuotteet\/galleria\/tv-taso230\/","title":{"rendered":"TV-taso230"},"content":{"rendered":"<p>Valkoinen selke\u00e4linjainen tv-taso on helppo ja turvallinen valinta modernin kodin tasoksi.<\/p>\n<p>Liukulasiovien taakse voidaan suunnitella monenmuotoisia hyllyj\u00e4 eri laitteille. Etsatut lasit peitt\u00e4v\u00e4t laitteet, mutta p\u00e4\u00e4st\u00e4v\u00e4t kaukos\u00e4\u00e4din signaalin l\u00e4vitse.<\/p>\n<p>Tasoon on tehty hyllyt ulosliukuviksi, jolloin niihin voi sijoittaa vaikka perinteisen levysoittimen.<\/p>\n<p>160x45x40 maalattu 1060 euroa<\/p>\n","protected":false},"excerpt":{"rendered":"<p>Valkoinen selke\u00e4linjainen tv-taso on helppo ja turvallinen valinta modernin kodin tasoksi. Liukulasiovien taakse voidaan suunnitella monenmuotoisia hyllyj\u00e4 eri laitteille. Etsatut lasit peitt\u00e4v\u00e4t laitteet, mutta p\u00e4\u00e4st\u00e4v\u00e4t kaukos\u00e4\u00e4din signaalin l\u00e4vitse. Tasoon on tehty hyllyt ulosliukuviksi, jolloin niihin voi sijoittaa vaikka perinteisen levysoittimen. 160x45x40 maalattu 1060 euroa<\/p>\n","protected":false},"author":3,"featured_media":0,"parent":333,"menu_order":0,"comment_status":"open","ping_status":"open","template":"tuote.php","meta":{"om_disable_all_campaigns":false,"_monsterinsights_skip_tracking":false,"_monsterinsights_sitenote_active":false,"_monsterinsights_sitenote_note":"","_monsterinsights_sitenote_category":0,"footnotes":""},"class_list":["post-308","page","type-page","status-publish","hentry"],"aioseo_notices":[],"_links":{"self":[{"href":"https:\/\/woodentouch.fi\/wordpress\/wp-json\/wp\/v2\/pages\/308","targetHints":{"allow":["GET"]}}],"collection":[{"href":"https:\/\/woodentouch.fi\/wordpress\/wp-json\/wp\/v2\/pages"}],"about":[{"href":"https:\/\/woodentouch.fi\/wordpress\/wp-json\/wp\/v2\/types\/page"}],"author":[{"embeddable":true,"href":"https:\/\/woodentouch.fi\/wordpress\/wp-json\/wp\/v2\/users\/3"}],"replies":[{"embeddable":true,"href":"https:\/\/woodentouch.fi\/wordpress\/wp-json\/wp\/v2\/comments?post=308"}],"version-history":[{"count":13,"href":"https:\/\/woodentouch.fi\/wordpress\/wp-json\/wp\/v2\/pages\/308\/revisions"}],"predecessor-version":[{"id":2883,"href":"https:\/\/woodentouch.fi\/wordpress\/wp-json\/wp\/v2\/pages\/308\/revisions\/2883"}],"up":[{"embeddable":true,"href":"https:\/\/woodentouch.fi\/wordpress\/wp-json\/wp\/v2\/pages\/333"}],"wp:attachment":[{"href":"https:\/\/woodentouch.fi\/wordpress\/wp-json\/wp\/v2\/media?parent=308"}],"curies":[{"name":"wp","href":"https:\/\/api.w.org\/{rel}","templated":true}]}}