{"id":306,"date":"2021-06-24T16:06:36","date_gmt":"2021-06-24T13:06:36","guid":{"rendered":"http:\/\/www.woodentouch.fi\/wordpress\/?page_id=306"},"modified":"2021-08-19T15:53:26","modified_gmt":"2021-08-19T12:53:26","slug":"lipasto100","status":"publish","type":"page","link":"https:\/\/woodentouch.fi\/wordpress\/tuotteet\/galleria\/lipasto100\/","title":{"rendered":"lipasto100"},"content":{"rendered":"<p>S\u00e4ilytyspenkki vailla vertaa. Korkeat laatikot takaavat erinomaisen k\u00e4ytett\u00e4vyyden, kun kaikki tavarat ovat kerta-aukaisulla esill\u00e4. Laatikoissa hidastemekanismit. Vetoaukko on penkiss\u00e4 k\u00e4tev\u00e4, sill\u00e4 se ei tuo h\u00e4iritsevi\u00e4 ulkonevia osia.<\/p>\n<p>Samalla tukeva istua, sill\u00e4 paksu ja painava runko ei anna milli\u00e4k\u00e4\u00e4n periksi.<\/p>\n<p>Voidaan toteuttaa monenkokoisena ja eri laatikkovaihtoehdoilla.<\/p>\n<p>120x45x40 kahdella laatikolla 750 euroa<\/p>\n<p>150x45x40 kolmella laatikolla 830 euroa<\/p>\n<p>200x45x40 nelj\u00e4ll\u00e4 laatikolla 1040 euroa<\/p>\n","protected":false},"excerpt":{"rendered":"<p>S\u00e4ilytyspenkki vailla vertaa. Korkeat laatikot takaavat erinomaisen k\u00e4ytett\u00e4vyyden, kun kaikki tavarat ovat kerta-aukaisulla esill\u00e4. Laatikoissa hidastemekanismit. Vetoaukko on penkiss\u00e4 k\u00e4tev\u00e4, sill\u00e4 se ei tuo h\u00e4iritsevi\u00e4 ulkonevia osia. Samalla tukeva istua, sill\u00e4 paksu ja painava runko ei anna milli\u00e4k\u00e4\u00e4n periksi. Voidaan toteuttaa monenkokoisena ja eri laatikkovaihtoehdoilla. 120x45x40 kahdella laatikolla 750 euroa 150x45x40 kolmella laatikolla 830 euroa [&hellip;]<\/p>\n","protected":false},"author":3,"featured_media":0,"parent":333,"menu_order":0,"comment_status":"open","ping_status":"open","template":"tuote.php","meta":{"om_disable_all_campaigns":false,"_monsterinsights_skip_tracking":false,"_monsterinsights_sitenote_active":false,"_monsterinsights_sitenote_note":"","_monsterinsights_sitenote_category":0,"footnotes":""},"class_list":["post-306","page","type-page","status-publish","hentry"],"aioseo_notices":[],"_links":{"self":[{"href":"https:\/\/woodentouch.fi\/wordpress\/wp-json\/wp\/v2\/pages\/306","targetHints":{"allow":["GET"]}}],"collection":[{"href":"https:\/\/woodentouch.fi\/wordpress\/wp-json\/wp\/v2\/pages"}],"about":[{"href":"https:\/\/woodentouch.fi\/wordpress\/wp-json\/wp\/v2\/types\/page"}],"author":[{"embeddable":true,"href":"https:\/\/woodentouch.fi\/wordpress\/wp-json\/wp\/v2\/users\/3"}],"replies":[{"embeddable":true,"href":"https:\/\/woodentouch.fi\/wordpress\/wp-json\/wp\/v2\/comments?post=306"}],"version-history":[{"count":15,"href":"https:\/\/woodentouch.fi\/wordpress\/wp-json\/wp\/v2\/pages\/306\/revisions"}],"predecessor-version":[{"id":2880,"href":"https:\/\/woodentouch.fi\/wordpress\/wp-json\/wp\/v2\/pages\/306\/revisions\/2880"}],"up":[{"embeddable":true,"href":"https:\/\/woodentouch.fi\/wordpress\/wp-json\/wp\/v2\/pages\/333"}],"wp:attachment":[{"href":"https:\/\/woodentouch.fi\/wordpress\/wp-json\/wp\/v2\/media?parent=306"}],"curies":[{"name":"wp","href":"https:\/\/api.w.org\/{rel}","templated":true}]}}