{"id":299,"date":"2009-06-24T16:04:33","date_gmt":"2009-06-24T13:04:33","guid":{"rendered":"http:\/\/www.woodentouch.fi\/wordpress\/?page_id=299"},"modified":"2024-04-22T23:44:01","modified_gmt":"2024-04-22T20:44:01","slug":"etusivu-2","status":"publish","type":"page","link":"https:\/\/woodentouch.fi\/wordpress\/","title":{"rendered":"etusivu"},"content":{"rendered":"<p style=\"text-align: center;\"><span style=\"font-size: 12px;\">&#8221;Tyylik\u00e4s huonekalu syntyy laadukkaista materiaaleista, hiotuista yksityiskohdista sek\u00e4 linjakkaasta toimivasta mallista&#8221;<\/span><\/p>\n<p>&nbsp;<\/p>\n<h4 style=\"text-align: center;\"><span style=\"color: #ffffff;\">Wooden Touch toteuttaa visionne tyylikk\u00e4\u00e4st\u00e4 huonekalusta<\/span><\/h4>\n<p>&nbsp;<\/p>\n<p style=\"text-align: left;\">Mittatilauksena teetetty huonekalu istuu sille suunniteltuun tilaan saumattomasti ilman kompromisseja. Yksil\u00f6llinen osaava suunnittelu takaa onnistuneen lopputuloksen.<\/p>\n<p style=\"text-align: left;\">Tilatut kalusteet eiv\u00e4t ole rakennussarjoja, vaan oikeilla teknisill\u00e4 ratkaisuilla toteutettuja kokonaisia kalusteita.\u00a0 Tekij\u00e4n itsens\u00e4 toimittamina ja asentamina.<\/p>\n<p style=\"text-align: left;\">Asiakkaamme arvostavat hyv\u00e4\u00e4 suunnittelua, toimivia ratkaisuja ja oikeaa k\u00e4sity\u00f6t\u00e4, sek\u00e4 heill\u00e4 on luottamusta antaa toteutus ammattilaisen k\u00e4siin.<\/p>\n<p style=\"text-align: left;\">Puusepp\u00e4mestari Seppo Turunen on toiminut ammattilaisena jo vuodesta 1999.<\/p>\n<p style=\"text-align: center;\"><span style=\"color: #ff6600;\">Toimitusaika on t\u00e4ll\u00e4 hetkell\u00e4 noin 3-4 viikkoa.\u00a0<\/span><\/p>\n<p>&nbsp;<\/p>\n","protected":false},"excerpt":{"rendered":"<p>&#8221;Tyylik\u00e4s huonekalu syntyy laadukkaista materiaaleista, hiotuista yksityiskohdista sek\u00e4 linjakkaasta toimivasta mallista&#8221; &nbsp; Wooden Touch toteuttaa visionne tyylikk\u00e4\u00e4st\u00e4 huonekalusta &nbsp; Mittatilauksena teetetty huonekalu istuu sille suunniteltuun tilaan saumattomasti ilman kompromisseja. Yksil\u00f6llinen osaava suunnittelu takaa onnistuneen lopputuloksen. Tilatut kalusteet eiv\u00e4t ole rakennussarjoja, vaan oikeilla teknisill\u00e4 ratkaisuilla toteutettuja kokonaisia kalusteita.\u00a0 Tekij\u00e4n itsens\u00e4 toimittamina ja asentamina. Asiakkaamme arvostavat hyv\u00e4\u00e4 [&hellip;]<\/p>\n","protected":false},"author":3,"featured_media":0,"parent":0,"menu_order":10,"comment_status":"open","ping_status":"closed","template":"","meta":{"om_disable_all_campaigns":false,"_monsterinsights_skip_tracking":false,"_monsterinsights_sitenote_active":false,"_monsterinsights_sitenote_note":"","_monsterinsights_sitenote_category":0,"footnotes":""},"class_list":["post-299","page","type-page","status-publish","hentry"],"aioseo_notices":[],"_links":{"self":[{"href":"https:\/\/woodentouch.fi\/wordpress\/wp-json\/wp\/v2\/pages\/299","targetHints":{"allow":["GET"]}}],"collection":[{"href":"https:\/\/woodentouch.fi\/wordpress\/wp-json\/wp\/v2\/pages"}],"about":[{"href":"https:\/\/woodentouch.fi\/wordpress\/wp-json\/wp\/v2\/types\/page"}],"author":[{"embeddable":true,"href":"https:\/\/woodentouch.fi\/wordpress\/wp-json\/wp\/v2\/users\/3"}],"replies":[{"embeddable":true,"href":"https:\/\/woodentouch.fi\/wordpress\/wp-json\/wp\/v2\/comments?post=299"}],"version-history":[{"count":277,"href":"https:\/\/woodentouch.fi\/wordpress\/wp-json\/wp\/v2\/pages\/299\/revisions"}],"predecessor-version":[{"id":2956,"href":"https:\/\/woodentouch.fi\/wordpress\/wp-json\/wp\/v2\/pages\/299\/revisions\/2956"}],"wp:attachment":[{"href":"https:\/\/woodentouch.fi\/wordpress\/wp-json\/wp\/v2\/media?parent=299"}],"curies":[{"name":"wp","href":"https:\/\/api.w.org\/{rel}","templated":true}]}}