{"id":292,"date":"2009-06-24T15:35:27","date_gmt":"2009-06-24T12:35:27","guid":{"rendered":"http:\/\/www.woodentouch.fi\/wordpress\/?page_id=292"},"modified":"2015-06-30T21:12:27","modified_gmt":"2015-06-30T18:12:27","slug":"tvtaso260","status":"publish","type":"page","link":"https:\/\/woodentouch.fi\/wordpress\/tuotteet\/galleria\/tvtaso260\/","title":{"rendered":"tvtaso260"},"content":{"rendered":"<p>Kun on kokoa, niin on n\u00e4k\u00f6\u00e4. 250 cm leve\u00e4 tv-taso on aina linjakkaan n\u00e4k\u00f6inen, ja leve\u00e4t laatikot korostavat linjakkuutta entisest\u00e4\u00e4n.<\/p>\n<p>Keskiosan laiteosion ovi k\u00e4\u00e4ntyy yl\u00f6s ja sis\u00e4\u00e4n. Mik\u00e4li laitteita on v\u00e4h\u00e4n ja s\u00e4ilytett\u00e4v\u00e4\u00e4 paljon, niin t\u00e4m\u00e4 malli tarjoaa paljon s\u00e4ilytystilaa. Laatikot ovat aina kaappeja k\u00e4yt\u00e4nn\u00f6llisempi\u00e4 pienen tavaran s\u00e4ilytykseen.<\/p>\n<p>Isot huonekalut ovat aina n\u00e4ytt\u00e4vi\u00e4, mutta vaativat tilaa my\u00f6s ymp\u00e4rilleen, jotteivat k\u00e4y liian raskaiksi.<\/p>\n<p>250x50x45 petsattu koivu 1620 euroa<\/p>\n","protected":false},"excerpt":{"rendered":"<p>Kun on kokoa, niin on n\u00e4k\u00f6\u00e4. 250 cm leve\u00e4 tv-taso on aina linjakkaan n\u00e4k\u00f6inen, ja leve\u00e4t laatikot korostavat linjakkuutta entisest\u00e4\u00e4n. Keskiosan laiteosion ovi k\u00e4\u00e4ntyy yl\u00f6s ja sis\u00e4\u00e4n. Mik\u00e4li laitteita on v\u00e4h\u00e4n ja s\u00e4ilytett\u00e4v\u00e4\u00e4 paljon, niin t\u00e4m\u00e4 malli tarjoaa paljon s\u00e4ilytystilaa. Laatikot ovat aina kaappeja k\u00e4yt\u00e4nn\u00f6llisempi\u00e4 pienen tavaran s\u00e4ilytykseen. Isot huonekalut ovat aina n\u00e4ytt\u00e4vi\u00e4, mutta vaativat [&hellip;]<\/p>\n","protected":false},"author":3,"featured_media":0,"parent":333,"menu_order":0,"comment_status":"open","ping_status":"open","template":"tuote.php","meta":{"om_disable_all_campaigns":false,"_monsterinsights_skip_tracking":false,"_monsterinsights_sitenote_active":false,"_monsterinsights_sitenote_note":"","_monsterinsights_sitenote_category":0,"footnotes":""},"class_list":["post-292","page","type-page","status-publish","hentry"],"aioseo_notices":[],"_links":{"self":[{"href":"https:\/\/woodentouch.fi\/wordpress\/wp-json\/wp\/v2\/pages\/292","targetHints":{"allow":["GET"]}}],"collection":[{"href":"https:\/\/woodentouch.fi\/wordpress\/wp-json\/wp\/v2\/pages"}],"about":[{"href":"https:\/\/woodentouch.fi\/wordpress\/wp-json\/wp\/v2\/types\/page"}],"author":[{"embeddable":true,"href":"https:\/\/woodentouch.fi\/wordpress\/wp-json\/wp\/v2\/users\/3"}],"replies":[{"embeddable":true,"href":"https:\/\/woodentouch.fi\/wordpress\/wp-json\/wp\/v2\/comments?post=292"}],"version-history":[{"count":8,"href":"https:\/\/woodentouch.fi\/wordpress\/wp-json\/wp\/v2\/pages\/292\/revisions"}],"predecessor-version":[{"id":2449,"href":"https:\/\/woodentouch.fi\/wordpress\/wp-json\/wp\/v2\/pages\/292\/revisions\/2449"}],"up":[{"embeddable":true,"href":"https:\/\/woodentouch.fi\/wordpress\/wp-json\/wp\/v2\/pages\/333"}],"wp:attachment":[{"href":"https:\/\/woodentouch.fi\/wordpress\/wp-json\/wp\/v2\/media?parent=292"}],"curies":[{"name":"wp","href":"https:\/\/api.w.org\/{rel}","templated":true}]}}