{"id":2902,"date":"2021-09-21T15:07:10","date_gmt":"2021-09-21T12:07:10","guid":{"rendered":"https:\/\/woodentouch.fi\/wordpress\/?page_id=2902"},"modified":"2023-07-24T14:36:44","modified_gmt":"2023-07-24T11:36:44","slug":"poyta450","status":"publish","type":"page","link":"https:\/\/woodentouch.fi\/wordpress\/tuotteet\/galleria\/poyta450\/","title":{"rendered":"poyta450"},"content":{"rendered":"<p>Koivuinen p\u00f6yt\u00e4 mielenkiintoisella jalkarakenteella. Aikanaan er\u00e4s asiakas esitti ajatuksen jalasta, ja sen j\u00e4lkeen olen tehnyt useita p\u00f6yti\u00e4 t\u00e4ll\u00e4 jalkatyypill\u00e4.<\/p>\n<p>220&#215;100<\/p>\n<p>koivu 1480 euroa<\/p>\n<p>tammi 1830 euroa<\/p>\n<p>&nbsp;<\/p>\n","protected":false},"excerpt":{"rendered":"<p>Koivuinen p\u00f6yt\u00e4 mielenkiintoisella jalkarakenteella. Aikanaan er\u00e4s asiakas esitti ajatuksen jalasta, ja sen j\u00e4lkeen olen tehnyt useita p\u00f6yti\u00e4 t\u00e4ll\u00e4 jalkatyypill\u00e4. 220&#215;100 koivu 1480 euroa tammi 1830 euroa &nbsp;<\/p>\n","protected":false},"author":3,"featured_media":0,"parent":333,"menu_order":0,"comment_status":"closed","ping_status":"closed","template":"tuote.php","meta":{"om_disable_all_campaigns":false,"_monsterinsights_skip_tracking":false,"_monsterinsights_sitenote_active":false,"_monsterinsights_sitenote_note":"","_monsterinsights_sitenote_category":0,"footnotes":""},"class_list":["post-2902","page","type-page","status-publish","hentry"],"aioseo_notices":[],"_links":{"self":[{"href":"https:\/\/woodentouch.fi\/wordpress\/wp-json\/wp\/v2\/pages\/2902","targetHints":{"allow":["GET"]}}],"collection":[{"href":"https:\/\/woodentouch.fi\/wordpress\/wp-json\/wp\/v2\/pages"}],"about":[{"href":"https:\/\/woodentouch.fi\/wordpress\/wp-json\/wp\/v2\/types\/page"}],"author":[{"embeddable":true,"href":"https:\/\/woodentouch.fi\/wordpress\/wp-json\/wp\/v2\/users\/3"}],"replies":[{"embeddable":true,"href":"https:\/\/woodentouch.fi\/wordpress\/wp-json\/wp\/v2\/comments?post=2902"}],"version-history":[{"count":5,"href":"https:\/\/woodentouch.fi\/wordpress\/wp-json\/wp\/v2\/pages\/2902\/revisions"}],"predecessor-version":[{"id":2913,"href":"https:\/\/woodentouch.fi\/wordpress\/wp-json\/wp\/v2\/pages\/2902\/revisions\/2913"}],"up":[{"embeddable":true,"href":"https:\/\/woodentouch.fi\/wordpress\/wp-json\/wp\/v2\/pages\/333"}],"wp:attachment":[{"href":"https:\/\/woodentouch.fi\/wordpress\/wp-json\/wp\/v2\/media?parent=2902"}],"curies":[{"name":"wp","href":"https:\/\/api.w.org\/{rel}","templated":true}]}}