{"id":2864,"date":"2021-08-17T13:16:04","date_gmt":"2021-08-17T10:16:04","guid":{"rendered":"https:\/\/woodentouch.fi\/wordpress\/?page_id=2864"},"modified":"2021-08-19T16:07:59","modified_gmt":"2021-08-19T13:07:59","slug":"poyta440","status":"publish","type":"page","link":"https:\/\/woodentouch.fi\/wordpress\/tuotteet\/galleria\/poyta440\/","title":{"rendered":"poyt\u00e4440"},"content":{"rendered":"<p>Tammesta tehty kirjoitusp\u00f6yt\u00e4. Mustat tyylikk\u00e4\u00e4t jalat kevent\u00e4v\u00e4t ulkon\u00e4k\u00f6\u00e4.<\/p>\n<p>Valmistetaan halutulla mitoituksella.<\/p>\n<p>Tammi 880 euroa<\/p>\n","protected":false},"excerpt":{"rendered":"<p>Tammesta tehty kirjoitusp\u00f6yt\u00e4. Mustat tyylikk\u00e4\u00e4t jalat kevent\u00e4v\u00e4t ulkon\u00e4k\u00f6\u00e4. Valmistetaan halutulla mitoituksella. Tammi 880 euroa<\/p>\n","protected":false},"author":3,"featured_media":0,"parent":333,"menu_order":0,"comment_status":"closed","ping_status":"closed","template":"tuote.php","meta":{"om_disable_all_campaigns":false,"_monsterinsights_skip_tracking":false,"_monsterinsights_sitenote_active":false,"_monsterinsights_sitenote_note":"","_monsterinsights_sitenote_category":0,"footnotes":""},"class_list":["post-2864","page","type-page","status-publish","hentry"],"aioseo_notices":[],"_links":{"self":[{"href":"https:\/\/woodentouch.fi\/wordpress\/wp-json\/wp\/v2\/pages\/2864","targetHints":{"allow":["GET"]}}],"collection":[{"href":"https:\/\/woodentouch.fi\/wordpress\/wp-json\/wp\/v2\/pages"}],"about":[{"href":"https:\/\/woodentouch.fi\/wordpress\/wp-json\/wp\/v2\/types\/page"}],"author":[{"embeddable":true,"href":"https:\/\/woodentouch.fi\/wordpress\/wp-json\/wp\/v2\/users\/3"}],"replies":[{"embeddable":true,"href":"https:\/\/woodentouch.fi\/wordpress\/wp-json\/wp\/v2\/comments?post=2864"}],"version-history":[{"count":2,"href":"https:\/\/woodentouch.fi\/wordpress\/wp-json\/wp\/v2\/pages\/2864\/revisions"}],"predecessor-version":[{"id":2887,"href":"https:\/\/woodentouch.fi\/wordpress\/wp-json\/wp\/v2\/pages\/2864\/revisions\/2887"}],"up":[{"embeddable":true,"href":"https:\/\/woodentouch.fi\/wordpress\/wp-json\/wp\/v2\/pages\/333"}],"wp:attachment":[{"href":"https:\/\/woodentouch.fi\/wordpress\/wp-json\/wp\/v2\/media?parent=2864"}],"curies":[{"name":"wp","href":"https:\/\/api.w.org\/{rel}","templated":true}]}}