{"id":285,"date":"2009-06-24T15:31:28","date_gmt":"2009-06-24T12:31:28","guid":{"rendered":"http:\/\/www.woodentouch.fi\/wordpress\/?page_id=285"},"modified":"2015-06-23T12:36:54","modified_gmt":"2015-06-23T09:36:54","slug":"poyta210","status":"publish","type":"page","link":"https:\/\/woodentouch.fi\/wordpress\/tuotteet\/galleria\/poyta210\/","title":{"rendered":"poyta210"},"content":{"rendered":"<p>Iso 230&#215;100 tamminen ruokap\u00f6yt\u00e4 kertoo heti mist\u00e4 se on tehty. Tammi notku eik\u00e4 nitise.<\/p>\n<p>V\u00e4lj\u00e4ss\u00e4 tilassa hienoilla tuoleilla varustettuna upea ilmestys.<\/p>\n<p>N\u00e4it\u00e4 toimittaessa on parempi olla kantajia paikalla. Tammisena painoa on noin 120 kg.<\/p>\n<p>230&#215;100 tammi 1880 euroa<\/p>\n","protected":false},"excerpt":{"rendered":"<p>Iso 230&#215;100 tamminen ruokap\u00f6yt\u00e4 kertoo heti mist\u00e4 se on tehty. Tammi notku eik\u00e4 nitise. V\u00e4lj\u00e4ss\u00e4 tilassa hienoilla tuoleilla varustettuna upea ilmestys. N\u00e4it\u00e4 toimittaessa on parempi olla kantajia paikalla. Tammisena painoa on noin 120 kg. 230&#215;100 tammi 1880 euroa<\/p>\n","protected":false},"author":3,"featured_media":0,"parent":333,"menu_order":0,"comment_status":"open","ping_status":"open","template":"tuote.php","meta":{"om_disable_all_campaigns":false,"_monsterinsights_skip_tracking":false,"_monsterinsights_sitenote_active":false,"_monsterinsights_sitenote_note":"","_monsterinsights_sitenote_category":0,"footnotes":""},"class_list":["post-285","page","type-page","status-publish","hentry"],"aioseo_notices":[],"_links":{"self":[{"href":"https:\/\/woodentouch.fi\/wordpress\/wp-json\/wp\/v2\/pages\/285","targetHints":{"allow":["GET"]}}],"collection":[{"href":"https:\/\/woodentouch.fi\/wordpress\/wp-json\/wp\/v2\/pages"}],"about":[{"href":"https:\/\/woodentouch.fi\/wordpress\/wp-json\/wp\/v2\/types\/page"}],"author":[{"embeddable":true,"href":"https:\/\/woodentouch.fi\/wordpress\/wp-json\/wp\/v2\/users\/3"}],"replies":[{"embeddable":true,"href":"https:\/\/woodentouch.fi\/wordpress\/wp-json\/wp\/v2\/comments?post=285"}],"version-history":[{"count":8,"href":"https:\/\/woodentouch.fi\/wordpress\/wp-json\/wp\/v2\/pages\/285\/revisions"}],"predecessor-version":[{"id":2420,"href":"https:\/\/woodentouch.fi\/wordpress\/wp-json\/wp\/v2\/pages\/285\/revisions\/2420"}],"up":[{"embeddable":true,"href":"https:\/\/woodentouch.fi\/wordpress\/wp-json\/wp\/v2\/pages\/333"}],"wp:attachment":[{"href":"https:\/\/woodentouch.fi\/wordpress\/wp-json\/wp\/v2\/media?parent=285"}],"curies":[{"name":"wp","href":"https:\/\/api.w.org\/{rel}","templated":true}]}}