{"id":2832,"date":"2017-03-22T14:31:19","date_gmt":"2017-03-22T12:31:19","guid":{"rendered":"https:\/\/woodentouch.fi\/wordpress\/?page_id=2832"},"modified":"2021-07-22T14:37:03","modified_gmt":"2021-07-22T11:37:03","slug":"penkki90","status":"publish","type":"page","link":"https:\/\/woodentouch.fi\/wordpress\/tuotteet\/galleria\/penkki90\/","title":{"rendered":"penkki90"},"content":{"rendered":"<p>Tamminen jykev\u00e4 penkki, joka on s\u00e4vytetty aavistuksen tummemmaksi. Ei notku, eik\u00e4 nitise ja painoa on reippaasti.<\/p>\n","protected":false},"excerpt":{"rendered":"<p>Tamminen jykev\u00e4 penkki, joka on s\u00e4vytetty aavistuksen tummemmaksi. Ei notku, eik\u00e4 nitise ja painoa on reippaasti.<\/p>\n","protected":false},"author":3,"featured_media":0,"parent":333,"menu_order":0,"comment_status":"closed","ping_status":"closed","template":"tuote.php","meta":{"om_disable_all_campaigns":false,"_monsterinsights_skip_tracking":false,"_monsterinsights_sitenote_active":false,"_monsterinsights_sitenote_note":"","_monsterinsights_sitenote_category":0,"footnotes":""},"class_list":["post-2832","page","type-page","status-publish","hentry"],"aioseo_notices":[],"_links":{"self":[{"href":"https:\/\/woodentouch.fi\/wordpress\/wp-json\/wp\/v2\/pages\/2832","targetHints":{"allow":["GET"]}}],"collection":[{"href":"https:\/\/woodentouch.fi\/wordpress\/wp-json\/wp\/v2\/pages"}],"about":[{"href":"https:\/\/woodentouch.fi\/wordpress\/wp-json\/wp\/v2\/types\/page"}],"author":[{"embeddable":true,"href":"https:\/\/woodentouch.fi\/wordpress\/wp-json\/wp\/v2\/users\/3"}],"replies":[{"embeddable":true,"href":"https:\/\/woodentouch.fi\/wordpress\/wp-json\/wp\/v2\/comments?post=2832"}],"version-history":[{"count":2,"href":"https:\/\/woodentouch.fi\/wordpress\/wp-json\/wp\/v2\/pages\/2832\/revisions"}],"predecessor-version":[{"id":2837,"href":"https:\/\/woodentouch.fi\/wordpress\/wp-json\/wp\/v2\/pages\/2832\/revisions\/2837"}],"up":[{"embeddable":true,"href":"https:\/\/woodentouch.fi\/wordpress\/wp-json\/wp\/v2\/pages\/333"}],"wp:attachment":[{"href":"https:\/\/woodentouch.fi\/wordpress\/wp-json\/wp\/v2\/media?parent=2832"}],"curies":[{"name":"wp","href":"https:\/\/api.w.org\/{rel}","templated":true}]}}