{"id":2816,"date":"2018-07-15T12:27:29","date_gmt":"2018-07-15T09:27:29","guid":{"rendered":"https:\/\/woodentouch.fi\/wordpress\/?page_id=2816"},"modified":"2021-07-15T12:39:00","modified_gmt":"2021-07-15T09:39:00","slug":"tvtaso380","status":"publish","type":"page","link":"https:\/\/woodentouch.fi\/wordpress\/tuotteet\/galleria\/tvtaso380\/","title":{"rendered":"tvtaso380"},"content":{"rendered":"<p>Tamminen tv-taso yhdelle laitteelle, ja loput osiot s\u00e4ilytykseen. Usein tasolle saadaan linjakkuutta ja ulkon\u00e4k\u00f6\u00e4, kun se tehd\u00e4\u00e4n tilan mukaan, varsinaista tarvetta isompana.<\/p>\n","protected":false},"excerpt":{"rendered":"<p>Tamminen tv-taso yhdelle laitteelle, ja loput osiot s\u00e4ilytykseen. Usein tasolle saadaan linjakkuutta ja ulkon\u00e4k\u00f6\u00e4, kun se tehd\u00e4\u00e4n tilan mukaan, varsinaista tarvetta isompana.<\/p>\n","protected":false},"author":3,"featured_media":0,"parent":333,"menu_order":0,"comment_status":"closed","ping_status":"closed","template":"tuote.php","meta":{"om_disable_all_campaigns":false,"_monsterinsights_skip_tracking":false,"_monsterinsights_sitenote_active":false,"_monsterinsights_sitenote_note":"","_monsterinsights_sitenote_category":0,"footnotes":""},"class_list":["post-2816","page","type-page","status-publish","hentry"],"aioseo_notices":[],"_links":{"self":[{"href":"https:\/\/woodentouch.fi\/wordpress\/wp-json\/wp\/v2\/pages\/2816","targetHints":{"allow":["GET"]}}],"collection":[{"href":"https:\/\/woodentouch.fi\/wordpress\/wp-json\/wp\/v2\/pages"}],"about":[{"href":"https:\/\/woodentouch.fi\/wordpress\/wp-json\/wp\/v2\/types\/page"}],"author":[{"embeddable":true,"href":"https:\/\/woodentouch.fi\/wordpress\/wp-json\/wp\/v2\/users\/3"}],"replies":[{"embeddable":true,"href":"https:\/\/woodentouch.fi\/wordpress\/wp-json\/wp\/v2\/comments?post=2816"}],"version-history":[{"count":3,"href":"https:\/\/woodentouch.fi\/wordpress\/wp-json\/wp\/v2\/pages\/2816\/revisions"}],"predecessor-version":[{"id":2822,"href":"https:\/\/woodentouch.fi\/wordpress\/wp-json\/wp\/v2\/pages\/2816\/revisions\/2822"}],"up":[{"embeddable":true,"href":"https:\/\/woodentouch.fi\/wordpress\/wp-json\/wp\/v2\/pages\/333"}],"wp:attachment":[{"href":"https:\/\/woodentouch.fi\/wordpress\/wp-json\/wp\/v2\/media?parent=2816"}],"curies":[{"name":"wp","href":"https:\/\/api.w.org\/{rel}","templated":true}]}}