{"id":281,"date":"2009-06-24T15:27:39","date_gmt":"2009-06-24T12:27:39","guid":{"rendered":"http:\/\/www.woodentouch.fi\/wordpress\/?page_id=281"},"modified":"2015-06-30T21:13:15","modified_gmt":"2015-06-30T18:13:15","slug":"lipasto110","status":"publish","type":"page","link":"https:\/\/woodentouch.fi\/wordpress\/tuotteet\/galleria\/lipasto110\/","title":{"rendered":"lipasto110"},"content":{"rendered":"<p>Eteisen katseenvangitsija, joka k\u00e4tkee sis\u00e4lleen niin k\u00e4nnyk\u00e4t, rukkaset kuin keng\u00e4tkin. Voidaan toteuttaa vedett\u00e4vin tai kippaavin laatikoin.<\/p>\n<p>Eteisess\u00e4 toimivuus on kiinni hyv\u00e4st\u00e4 suunnittelusta, kun tilaa on usein v\u00e4h\u00e4n ja s\u00e4ilytett\u00e4v\u00e4\u00e4 paljon.<\/p>\n<p>110x50x32<\/p>\n<p>hidastelaatikoilla 780 euroa<\/p>\n<p>kippilaatikoilla 850 euroa<\/p>\n","protected":false},"excerpt":{"rendered":"<p>Eteisen katseenvangitsija, joka k\u00e4tkee sis\u00e4lleen niin k\u00e4nnyk\u00e4t, rukkaset kuin keng\u00e4tkin. Voidaan toteuttaa vedett\u00e4vin tai kippaavin laatikoin. Eteisess\u00e4 toimivuus on kiinni hyv\u00e4st\u00e4 suunnittelusta, kun tilaa on usein v\u00e4h\u00e4n ja s\u00e4ilytett\u00e4v\u00e4\u00e4 paljon. 110x50x32 hidastelaatikoilla 780 euroa kippilaatikoilla 850 euroa<\/p>\n","protected":false},"author":3,"featured_media":0,"parent":333,"menu_order":0,"comment_status":"open","ping_status":"open","template":"tuote.php","meta":{"om_disable_all_campaigns":false,"_monsterinsights_skip_tracking":false,"_monsterinsights_sitenote_active":false,"_monsterinsights_sitenote_note":"","_monsterinsights_sitenote_category":0,"footnotes":""},"class_list":["post-281","page","type-page","status-publish","hentry"],"aioseo_notices":[],"_links":{"self":[{"href":"https:\/\/woodentouch.fi\/wordpress\/wp-json\/wp\/v2\/pages\/281","targetHints":{"allow":["GET"]}}],"collection":[{"href":"https:\/\/woodentouch.fi\/wordpress\/wp-json\/wp\/v2\/pages"}],"about":[{"href":"https:\/\/woodentouch.fi\/wordpress\/wp-json\/wp\/v2\/types\/page"}],"author":[{"embeddable":true,"href":"https:\/\/woodentouch.fi\/wordpress\/wp-json\/wp\/v2\/users\/3"}],"replies":[{"embeddable":true,"href":"https:\/\/woodentouch.fi\/wordpress\/wp-json\/wp\/v2\/comments?post=281"}],"version-history":[{"count":10,"href":"https:\/\/woodentouch.fi\/wordpress\/wp-json\/wp\/v2\/pages\/281\/revisions"}],"predecessor-version":[{"id":2450,"href":"https:\/\/woodentouch.fi\/wordpress\/wp-json\/wp\/v2\/pages\/281\/revisions\/2450"}],"up":[{"embeddable":true,"href":"https:\/\/woodentouch.fi\/wordpress\/wp-json\/wp\/v2\/pages\/333"}],"wp:attachment":[{"href":"https:\/\/woodentouch.fi\/wordpress\/wp-json\/wp\/v2\/media?parent=281"}],"curies":[{"name":"wp","href":"https:\/\/api.w.org\/{rel}","templated":true}]}}