{"id":2804,"date":"2021-07-15T11:54:47","date_gmt":"2021-07-15T08:54:47","guid":{"rendered":"https:\/\/woodentouch.fi\/wordpress\/?page_id=2804"},"modified":"2024-04-10T13:45:37","modified_gmt":"2024-04-10T10:45:37","slug":"kaappi300","status":"publish","type":"page","link":"https:\/\/woodentouch.fi\/wordpress\/tuotteet\/galleria\/kaappi300\/","title":{"rendered":"kaappi300"},"content":{"rendered":"<p>Vanhan ajan kirjoitusp\u00f6yt\u00e4 aukeavalla kannella.\u00a0 T\u00e4m\u00e4 yksil\u00f6 suunniteltiin eteiseen, juoksevien asioiden hoitoon ja oleellisten tavaroiden s\u00e4ilytykseen.<\/p>\n","protected":false},"excerpt":{"rendered":"<p>Vanhan ajan kirjoitusp\u00f6yt\u00e4 aukeavalla kannella.\u00a0 T\u00e4m\u00e4 yksil\u00f6 suunniteltiin eteiseen, juoksevien asioiden hoitoon ja oleellisten tavaroiden s\u00e4ilytykseen.<\/p>\n","protected":false},"author":3,"featured_media":0,"parent":333,"menu_order":0,"comment_status":"closed","ping_status":"closed","template":"tuote.php","meta":{"om_disable_all_campaigns":false,"_monsterinsights_skip_tracking":false,"_monsterinsights_sitenote_active":false,"_monsterinsights_sitenote_note":"","_monsterinsights_sitenote_category":0,"footnotes":""},"class_list":["post-2804","page","type-page","status-publish","hentry"],"aioseo_notices":[],"_links":{"self":[{"href":"https:\/\/woodentouch.fi\/wordpress\/wp-json\/wp\/v2\/pages\/2804","targetHints":{"allow":["GET"]}}],"collection":[{"href":"https:\/\/woodentouch.fi\/wordpress\/wp-json\/wp\/v2\/pages"}],"about":[{"href":"https:\/\/woodentouch.fi\/wordpress\/wp-json\/wp\/v2\/types\/page"}],"author":[{"embeddable":true,"href":"https:\/\/woodentouch.fi\/wordpress\/wp-json\/wp\/v2\/users\/3"}],"replies":[{"embeddable":true,"href":"https:\/\/woodentouch.fi\/wordpress\/wp-json\/wp\/v2\/comments?post=2804"}],"version-history":[{"count":2,"href":"https:\/\/woodentouch.fi\/wordpress\/wp-json\/wp\/v2\/pages\/2804\/revisions"}],"predecessor-version":[{"id":2939,"href":"https:\/\/woodentouch.fi\/wordpress\/wp-json\/wp\/v2\/pages\/2804\/revisions\/2939"}],"up":[{"embeddable":true,"href":"https:\/\/woodentouch.fi\/wordpress\/wp-json\/wp\/v2\/pages\/333"}],"wp:attachment":[{"href":"https:\/\/woodentouch.fi\/wordpress\/wp-json\/wp\/v2\/media?parent=2804"}],"curies":[{"name":"wp","href":"https:\/\/api.w.org\/{rel}","templated":true}]}}