{"id":2793,"date":"2018-07-12T12:41:42","date_gmt":"2018-07-12T09:41:42","guid":{"rendered":"https:\/\/woodentouch.fi\/wordpress\/?page_id=2793"},"modified":"2024-04-10T13:49:42","modified_gmt":"2024-04-10T10:49:42","slug":"kaappi320","status":"publish","type":"page","link":"https:\/\/woodentouch.fi\/wordpress\/tuotteet\/galleria\/kaappi320\/","title":{"rendered":"Kaappi320"},"content":{"rendered":"<p>Tamminen senkki.\u00a0 Ovien ja laatikoiden syyt on t\u00e4sm\u00e4tty tavalla, joka luo ilmett\u00e4 senkille, ja n\u00e4in erottuu muista edukseen.<\/p>\n","protected":false},"excerpt":{"rendered":"<p>Tamminen senkki.\u00a0 Ovien ja laatikoiden syyt on t\u00e4sm\u00e4tty tavalla, joka luo ilmett\u00e4 senkille, ja n\u00e4in erottuu muista edukseen.<\/p>\n","protected":false},"author":3,"featured_media":0,"parent":333,"menu_order":0,"comment_status":"closed","ping_status":"closed","template":"tuote.php","meta":{"om_disable_all_campaigns":false,"_monsterinsights_skip_tracking":false,"_monsterinsights_sitenote_active":false,"_monsterinsights_sitenote_note":"","_monsterinsights_sitenote_category":0,"footnotes":""},"class_list":["post-2793","page","type-page","status-publish","hentry"],"aioseo_notices":[],"_links":{"self":[{"href":"https:\/\/woodentouch.fi\/wordpress\/wp-json\/wp\/v2\/pages\/2793","targetHints":{"allow":["GET"]}}],"collection":[{"href":"https:\/\/woodentouch.fi\/wordpress\/wp-json\/wp\/v2\/pages"}],"about":[{"href":"https:\/\/woodentouch.fi\/wordpress\/wp-json\/wp\/v2\/types\/page"}],"author":[{"embeddable":true,"href":"https:\/\/woodentouch.fi\/wordpress\/wp-json\/wp\/v2\/users\/3"}],"replies":[{"embeddable":true,"href":"https:\/\/woodentouch.fi\/wordpress\/wp-json\/wp\/v2\/comments?post=2793"}],"version-history":[{"count":2,"href":"https:\/\/woodentouch.fi\/wordpress\/wp-json\/wp\/v2\/pages\/2793\/revisions"}],"predecessor-version":[{"id":2940,"href":"https:\/\/woodentouch.fi\/wordpress\/wp-json\/wp\/v2\/pages\/2793\/revisions\/2940"}],"up":[{"embeddable":true,"href":"https:\/\/woodentouch.fi\/wordpress\/wp-json\/wp\/v2\/pages\/333"}],"wp:attachment":[{"href":"https:\/\/woodentouch.fi\/wordpress\/wp-json\/wp\/v2\/media?parent=2793"}],"curies":[{"name":"wp","href":"https:\/\/api.w.org\/{rel}","templated":true}]}}