{"id":2787,"date":"2021-07-12T12:20:41","date_gmt":"2021-07-12T09:20:41","guid":{"rendered":"https:\/\/woodentouch.fi\/wordpress\/?page_id=2787"},"modified":"2021-07-15T12:17:18","modified_gmt":"2021-07-15T09:17:18","slug":"tvtaso370-2","status":"publish","type":"page","link":"https:\/\/woodentouch.fi\/wordpress\/tuotteet\/galleria\/tvtaso370-2\/","title":{"rendered":"tvtaso370"},"content":{"rendered":"<p>Senkki, joka toimii tvtasona yht\u00e4 hyvin. Huomaa kuinka kaikki ovet on tehty samasta lankusta. Syykuvio jatkuu yhten\u00e4isen\u00e4 ovesta toiseen ja on t\u00e4sm\u00e4tty my\u00f6s pystysuunnassa, niin sanotulla bookmatching tekniikalla.<\/p>\n<p>220x55x45 tammi<\/p>\n","protected":false},"excerpt":{"rendered":"<p>Senkki, joka toimii tvtasona yht\u00e4 hyvin. Huomaa kuinka kaikki ovet on tehty samasta lankusta. Syykuvio jatkuu yhten\u00e4isen\u00e4 ovesta toiseen ja on t\u00e4sm\u00e4tty my\u00f6s pystysuunnassa, niin sanotulla bookmatching tekniikalla. 220x55x45 tammi<\/p>\n","protected":false},"author":3,"featured_media":0,"parent":333,"menu_order":0,"comment_status":"closed","ping_status":"closed","template":"tuote.php","meta":{"om_disable_all_campaigns":false,"_monsterinsights_skip_tracking":false,"_monsterinsights_sitenote_active":false,"_monsterinsights_sitenote_note":"","_monsterinsights_sitenote_category":0,"footnotes":""},"class_list":["post-2787","page","type-page","status-publish","hentry"],"aioseo_notices":[],"_links":{"self":[{"href":"https:\/\/woodentouch.fi\/wordpress\/wp-json\/wp\/v2\/pages\/2787","targetHints":{"allow":["GET"]}}],"collection":[{"href":"https:\/\/woodentouch.fi\/wordpress\/wp-json\/wp\/v2\/pages"}],"about":[{"href":"https:\/\/woodentouch.fi\/wordpress\/wp-json\/wp\/v2\/types\/page"}],"author":[{"embeddable":true,"href":"https:\/\/woodentouch.fi\/wordpress\/wp-json\/wp\/v2\/users\/3"}],"replies":[{"embeddable":true,"href":"https:\/\/woodentouch.fi\/wordpress\/wp-json\/wp\/v2\/comments?post=2787"}],"version-history":[{"count":3,"href":"https:\/\/woodentouch.fi\/wordpress\/wp-json\/wp\/v2\/pages\/2787\/revisions"}],"predecessor-version":[{"id":2815,"href":"https:\/\/woodentouch.fi\/wordpress\/wp-json\/wp\/v2\/pages\/2787\/revisions\/2815"}],"up":[{"embeddable":true,"href":"https:\/\/woodentouch.fi\/wordpress\/wp-json\/wp\/v2\/pages\/333"}],"wp:attachment":[{"href":"https:\/\/woodentouch.fi\/wordpress\/wp-json\/wp\/v2\/media?parent=2787"}],"curies":[{"name":"wp","href":"https:\/\/api.w.org\/{rel}","templated":true}]}}