{"id":278,"date":"2009-06-24T15:24:23","date_gmt":"2009-06-24T12:24:23","guid":{"rendered":"http:\/\/www.woodentouch.fi\/wordpress\/?page_id=278"},"modified":"2024-04-10T13:56:47","modified_gmt":"2024-04-10T10:56:47","slug":"kirjoituspoyta-1","status":"publish","type":"page","link":"https:\/\/woodentouch.fi\/wordpress\/tuotteet\/galleria\/kirjoituspoyta-1\/","title":{"rendered":"Kirjoitusp\u00f6yt\u00e4 1"},"content":{"rendered":"<p>Kampausp\u00f6yt\u00e4, kirjoitusp\u00f6yt\u00e4, olohuoneen sivup\u00f6yt\u00e4. Yksil\u00f6llisill\u00e4 mitoilla toteutettuna mallista on moneksi.<\/p>\n<p>130&#215;45 petsattu koivu 830 euroa<\/p>\n","protected":false},"excerpt":{"rendered":"<p>Kampausp\u00f6yt\u00e4, kirjoitusp\u00f6yt\u00e4, olohuoneen sivup\u00f6yt\u00e4. Yksil\u00f6llisill\u00e4 mitoilla toteutettuna mallista on moneksi. 130&#215;45 petsattu koivu 830 euroa<\/p>\n","protected":false},"author":3,"featured_media":0,"parent":333,"menu_order":0,"comment_status":"open","ping_status":"open","template":"tuote.php","meta":{"om_disable_all_campaigns":false,"_monsterinsights_skip_tracking":false,"_monsterinsights_sitenote_active":false,"_monsterinsights_sitenote_note":"","_monsterinsights_sitenote_category":0,"footnotes":""},"class_list":["post-278","page","type-page","status-publish","hentry"],"aioseo_notices":[],"_links":{"self":[{"href":"https:\/\/woodentouch.fi\/wordpress\/wp-json\/wp\/v2\/pages\/278","targetHints":{"allow":["GET"]}}],"collection":[{"href":"https:\/\/woodentouch.fi\/wordpress\/wp-json\/wp\/v2\/pages"}],"about":[{"href":"https:\/\/woodentouch.fi\/wordpress\/wp-json\/wp\/v2\/types\/page"}],"author":[{"embeddable":true,"href":"https:\/\/woodentouch.fi\/wordpress\/wp-json\/wp\/v2\/users\/3"}],"replies":[{"embeddable":true,"href":"https:\/\/woodentouch.fi\/wordpress\/wp-json\/wp\/v2\/comments?post=278"}],"version-history":[{"count":10,"href":"https:\/\/woodentouch.fi\/wordpress\/wp-json\/wp\/v2\/pages\/278\/revisions"}],"predecessor-version":[{"id":2944,"href":"https:\/\/woodentouch.fi\/wordpress\/wp-json\/wp\/v2\/pages\/278\/revisions\/2944"}],"up":[{"embeddable":true,"href":"https:\/\/woodentouch.fi\/wordpress\/wp-json\/wp\/v2\/pages\/333"}],"wp:attachment":[{"href":"https:\/\/woodentouch.fi\/wordpress\/wp-json\/wp\/v2\/media?parent=278"}],"curies":[{"name":"wp","href":"https:\/\/api.w.org\/{rel}","templated":true}]}}