{"id":2778,"date":"2021-07-12T11:31:35","date_gmt":"2021-07-12T08:31:35","guid":{"rendered":"https:\/\/woodentouch.fi\/wordpress\/?page_id=2778"},"modified":"2021-07-12T11:35:13","modified_gmt":"2021-07-12T08:35:13","slug":"lipasto160","status":"publish","type":"page","link":"https:\/\/woodentouch.fi\/wordpress\/tuotteet\/galleria\/lipasto160\/","title":{"rendered":"Lipasto160"},"content":{"rendered":"<p>Eteisen penkki s\u00e4ilytyslaatikolla ja integroidulla sateenvarjojen pidikkeill\u00e4. Tammea on s\u00e4vytetty hieman tummemmaksi.<\/p>\n<p>120x45x40 tammi 760 euroa<\/p>\n","protected":false},"excerpt":{"rendered":"<p>Eteisen penkki s\u00e4ilytyslaatikolla ja integroidulla sateenvarjojen pidikkeill\u00e4. Tammea on s\u00e4vytetty hieman tummemmaksi. 120x45x40 tammi 760 euroa<\/p>\n","protected":false},"author":3,"featured_media":0,"parent":333,"menu_order":0,"comment_status":"closed","ping_status":"closed","template":"tuote.php","meta":{"om_disable_all_campaigns":false,"_monsterinsights_skip_tracking":false,"_monsterinsights_sitenote_active":false,"_monsterinsights_sitenote_note":"","_monsterinsights_sitenote_category":0,"footnotes":""},"class_list":["post-2778","page","type-page","status-publish","hentry"],"aioseo_notices":[],"_links":{"self":[{"href":"https:\/\/woodentouch.fi\/wordpress\/wp-json\/wp\/v2\/pages\/2778","targetHints":{"allow":["GET"]}}],"collection":[{"href":"https:\/\/woodentouch.fi\/wordpress\/wp-json\/wp\/v2\/pages"}],"about":[{"href":"https:\/\/woodentouch.fi\/wordpress\/wp-json\/wp\/v2\/types\/page"}],"author":[{"embeddable":true,"href":"https:\/\/woodentouch.fi\/wordpress\/wp-json\/wp\/v2\/users\/3"}],"replies":[{"embeddable":true,"href":"https:\/\/woodentouch.fi\/wordpress\/wp-json\/wp\/v2\/comments?post=2778"}],"version-history":[{"count":3,"href":"https:\/\/woodentouch.fi\/wordpress\/wp-json\/wp\/v2\/pages\/2778\/revisions"}],"predecessor-version":[{"id":2785,"href":"https:\/\/woodentouch.fi\/wordpress\/wp-json\/wp\/v2\/pages\/2778\/revisions\/2785"}],"up":[{"embeddable":true,"href":"https:\/\/woodentouch.fi\/wordpress\/wp-json\/wp\/v2\/pages\/333"}],"wp:attachment":[{"href":"https:\/\/woodentouch.fi\/wordpress\/wp-json\/wp\/v2\/media?parent=2778"}],"curies":[{"name":"wp","href":"https:\/\/api.w.org\/{rel}","templated":true}]}}