{"id":2773,"date":"2021-06-07T21:51:43","date_gmt":"2021-06-07T18:51:43","guid":{"rendered":"https:\/\/woodentouch.fi\/wordpress\/?page_id=2773"},"modified":"2021-07-07T21:53:22","modified_gmt":"2021-07-07T18:53:22","slug":"tvtaso350","status":"publish","type":"page","link":"https:\/\/woodentouch.fi\/wordpress\/tuotteet\/galleria\/tvtaso350\/","title":{"rendered":"tvtaso350"},"content":{"rendered":"<p>Tv-taso, joka kuvastaa t\u00e4m\u00e4n p\u00e4iv\u00e4n erilaisia tarpeita. Toisilla on seitsem\u00e4n laitetta, useimmilla v\u00e4hemm\u00e4n. T\u00e4m\u00e4 taso suunniteltiin yhdelle j\u00e4re\u00e4lle vahvistimelle.<\/p>\n<p>Ilmanvaihto ja johtokaukalo olivat vaatimuksia tason toimivuudelle.<\/p>\n<p>100x40x50 koivu mattamusta 980 euroa<\/p>\n","protected":false},"excerpt":{"rendered":"<p>Tv-taso, joka kuvastaa t\u00e4m\u00e4n p\u00e4iv\u00e4n erilaisia tarpeita. Toisilla on seitsem\u00e4n laitetta, useimmilla v\u00e4hemm\u00e4n. T\u00e4m\u00e4 taso suunniteltiin yhdelle j\u00e4re\u00e4lle vahvistimelle. Ilmanvaihto ja johtokaukalo olivat vaatimuksia tason toimivuudelle. 100x40x50 koivu mattamusta 980 euroa<\/p>\n","protected":false},"author":3,"featured_media":0,"parent":333,"menu_order":0,"comment_status":"closed","ping_status":"closed","template":"tuote.php","meta":{"om_disable_all_campaigns":false,"_monsterinsights_skip_tracking":false,"_monsterinsights_sitenote_active":false,"_monsterinsights_sitenote_note":"","_monsterinsights_sitenote_category":0,"footnotes":""},"class_list":["post-2773","page","type-page","status-publish","hentry"],"aioseo_notices":[],"_links":{"self":[{"href":"https:\/\/woodentouch.fi\/wordpress\/wp-json\/wp\/v2\/pages\/2773","targetHints":{"allow":["GET"]}}],"collection":[{"href":"https:\/\/woodentouch.fi\/wordpress\/wp-json\/wp\/v2\/pages"}],"about":[{"href":"https:\/\/woodentouch.fi\/wordpress\/wp-json\/wp\/v2\/types\/page"}],"author":[{"embeddable":true,"href":"https:\/\/woodentouch.fi\/wordpress\/wp-json\/wp\/v2\/users\/3"}],"replies":[{"embeddable":true,"href":"https:\/\/woodentouch.fi\/wordpress\/wp-json\/wp\/v2\/comments?post=2773"}],"version-history":[{"count":1,"href":"https:\/\/woodentouch.fi\/wordpress\/wp-json\/wp\/v2\/pages\/2773\/revisions"}],"predecessor-version":[{"id":2776,"href":"https:\/\/woodentouch.fi\/wordpress\/wp-json\/wp\/v2\/pages\/2773\/revisions\/2776"}],"up":[{"embeddable":true,"href":"https:\/\/woodentouch.fi\/wordpress\/wp-json\/wp\/v2\/pages\/333"}],"wp:attachment":[{"href":"https:\/\/woodentouch.fi\/wordpress\/wp-json\/wp\/v2\/media?parent=2773"}],"curies":[{"name":"wp","href":"https:\/\/api.w.org\/{rel}","templated":true}]}}