{"id":276,"date":"2009-06-24T15:21:28","date_gmt":"2009-06-24T12:21:28","guid":{"rendered":"http:\/\/www.woodentouch.fi\/wordpress\/?page_id=276"},"modified":"2012-03-17T12:55:30","modified_gmt":"2012-03-17T10:55:30","slug":"lipasto8","status":"publish","type":"page","link":"https:\/\/woodentouch.fi\/wordpress\/tuotteet\/galleria\/lipasto8\/","title":{"rendered":"saareke10"},"content":{"rendered":"<p>Py\u00f6rill\u00e4 oleva keitti\u00f6saareke, joka tuo lis\u00e4\u00e4 lasku- ja ty\u00f6tilaa. Toisessa p\u00e4\u00e4ss\u00e4 \u00a0alas k\u00e4\u00e4ntyv\u00e4 aputaso ja toisessa p\u00e4\u00e4ss\u00e4 pyyhetanko sek\u00e4 leikkuulaudat.<\/p>\n<p>Hyllyt ovat s\u00e4\u00e4dett\u00e4viss\u00e4 tason molemmilta sivuilta erikseen, jotta voidaan l\u00f6yt\u00e4\u00e4 eri kokoisille kattiloille ja padoille omat paikat. Koko tason levyinen laatikko tuo moneen keitti\u00f6\u00f6n kaivattua k\u00e4tev\u00e4\u00e4 s\u00e4ilytystilaa.<\/p>\n<p>Kanteen on kuumille astioille upotettu kivilaatta.<\/p>\n<p>Todella monik\u00e4ytt\u00f6inen, sill\u00e4 k\u00e4\u00e4ntyv\u00e4t ja lukittavat py\u00f6r\u00e4t mahdollistavat monenlaisen sijoittelun.<\/p>\n<p>mitat 100x60x90<\/p>\n<p>Koivukannella 1350 euroa<\/p>\n","protected":false},"excerpt":{"rendered":"<p>Py\u00f6rill\u00e4 oleva keitti\u00f6saareke, joka tuo lis\u00e4\u00e4 lasku- ja ty\u00f6tilaa. Toisessa p\u00e4\u00e4ss\u00e4 \u00a0alas k\u00e4\u00e4ntyv\u00e4 aputaso ja toisessa p\u00e4\u00e4ss\u00e4 pyyhetanko sek\u00e4 leikkuulaudat. Hyllyt ovat s\u00e4\u00e4dett\u00e4viss\u00e4 tason molemmilta sivuilta erikseen, jotta voidaan l\u00f6yt\u00e4\u00e4 eri kokoisille kattiloille ja padoille omat paikat. Koko tason levyinen laatikko tuo moneen keitti\u00f6\u00f6n kaivattua k\u00e4tev\u00e4\u00e4 s\u00e4ilytystilaa. Kanteen on kuumille astioille upotettu kivilaatta. Todella monik\u00e4ytt\u00f6inen, [&hellip;]<\/p>\n","protected":false},"author":3,"featured_media":0,"parent":333,"menu_order":0,"comment_status":"open","ping_status":"open","template":"tuote.php","meta":{"om_disable_all_campaigns":false,"_monsterinsights_skip_tracking":false,"_monsterinsights_sitenote_active":false,"_monsterinsights_sitenote_note":"","_monsterinsights_sitenote_category":0,"footnotes":""},"class_list":["post-276","page","type-page","status-publish","hentry"],"aioseo_notices":[],"_links":{"self":[{"href":"https:\/\/woodentouch.fi\/wordpress\/wp-json\/wp\/v2\/pages\/276","targetHints":{"allow":["GET"]}}],"collection":[{"href":"https:\/\/woodentouch.fi\/wordpress\/wp-json\/wp\/v2\/pages"}],"about":[{"href":"https:\/\/woodentouch.fi\/wordpress\/wp-json\/wp\/v2\/types\/page"}],"author":[{"embeddable":true,"href":"https:\/\/woodentouch.fi\/wordpress\/wp-json\/wp\/v2\/users\/3"}],"replies":[{"embeddable":true,"href":"https:\/\/woodentouch.fi\/wordpress\/wp-json\/wp\/v2\/comments?post=276"}],"version-history":[{"count":12,"href":"https:\/\/woodentouch.fi\/wordpress\/wp-json\/wp\/v2\/pages\/276\/revisions"}],"predecessor-version":[{"id":609,"href":"https:\/\/woodentouch.fi\/wordpress\/wp-json\/wp\/v2\/pages\/276\/revisions\/609"}],"up":[{"embeddable":true,"href":"https:\/\/woodentouch.fi\/wordpress\/wp-json\/wp\/v2\/pages\/333"}],"wp:attachment":[{"href":"https:\/\/woodentouch.fi\/wordpress\/wp-json\/wp\/v2\/media?parent=276"}],"curies":[{"name":"wp","href":"https:\/\/api.w.org\/{rel}","templated":true}]}}