{"id":271,"date":"2009-06-24T15:19:52","date_gmt":"2009-06-24T12:19:52","guid":{"rendered":"http:\/\/www.woodentouch.fi\/wordpress\/?page_id=271"},"modified":"2015-06-30T21:14:52","modified_gmt":"2015-06-30T18:14:52","slug":"lehtiteline-3","status":"publish","type":"page","link":"https:\/\/woodentouch.fi\/wordpress\/tuotteet\/galleria\/lehtiteline-3\/","title":{"rendered":"Lehtiteline 3"},"content":{"rendered":"<p>Lehtiteline koivusta, jossa on massaa ja n\u00e4k\u00f6\u00e4. Toimii my\u00f6s y\u00f6p\u00f6yt\u00e4n\u00e4, sohvan sivup\u00f6yt\u00e4n\u00e4, tai keksi oma sovellus sijoituksesta.<\/p>\n<p>340 euroa<\/p>\n","protected":false},"excerpt":{"rendered":"<p>Lehtiteline koivusta, jossa on massaa ja n\u00e4k\u00f6\u00e4. Toimii my\u00f6s y\u00f6p\u00f6yt\u00e4n\u00e4, sohvan sivup\u00f6yt\u00e4n\u00e4, tai keksi oma sovellus sijoituksesta. 340 euroa<\/p>\n","protected":false},"author":3,"featured_media":0,"parent":333,"menu_order":0,"comment_status":"open","ping_status":"open","template":"tuote.php","meta":{"om_disable_all_campaigns":false,"_monsterinsights_skip_tracking":false,"_monsterinsights_sitenote_active":false,"_monsterinsights_sitenote_note":"","_monsterinsights_sitenote_category":0,"footnotes":""},"class_list":["post-271","page","type-page","status-publish","hentry"],"aioseo_notices":[],"_links":{"self":[{"href":"https:\/\/woodentouch.fi\/wordpress\/wp-json\/wp\/v2\/pages\/271","targetHints":{"allow":["GET"]}}],"collection":[{"href":"https:\/\/woodentouch.fi\/wordpress\/wp-json\/wp\/v2\/pages"}],"about":[{"href":"https:\/\/woodentouch.fi\/wordpress\/wp-json\/wp\/v2\/types\/page"}],"author":[{"embeddable":true,"href":"https:\/\/woodentouch.fi\/wordpress\/wp-json\/wp\/v2\/users\/3"}],"replies":[{"embeddable":true,"href":"https:\/\/woodentouch.fi\/wordpress\/wp-json\/wp\/v2\/comments?post=271"}],"version-history":[{"count":9,"href":"https:\/\/woodentouch.fi\/wordpress\/wp-json\/wp\/v2\/pages\/271\/revisions"}],"predecessor-version":[{"id":2452,"href":"https:\/\/woodentouch.fi\/wordpress\/wp-json\/wp\/v2\/pages\/271\/revisions\/2452"}],"up":[{"embeddable":true,"href":"https:\/\/woodentouch.fi\/wordpress\/wp-json\/wp\/v2\/pages\/333"}],"wp:attachment":[{"href":"https:\/\/woodentouch.fi\/wordpress\/wp-json\/wp\/v2\/media?parent=271"}],"curies":[{"name":"wp","href":"https:\/\/api.w.org\/{rel}","templated":true}]}}