{"id":269,"date":"2009-06-24T15:19:01","date_gmt":"2009-06-24T12:19:01","guid":{"rendered":"http:\/\/www.woodentouch.fi\/wordpress\/?page_id=269"},"modified":"2015-06-23T13:02:13","modified_gmt":"2015-06-23T10:02:13","slug":"sohvapoyta-7","status":"publish","type":"page","link":"https:\/\/woodentouch.fi\/wordpress\/tuotteet\/galleria\/sohvapoyta-7\/","title":{"rendered":"Sohvap\u00f6yt\u00e4 7"},"content":{"rendered":"<p>Matala paksuilla jaloilla tehty sohvap\u00f6yt\u00e4 koivusta. Jalka on 12&#215;12 ja kokonaiskorkeus 28 cm.<\/p>\n<p>Pelkistetyn olohuonesisustuksen keskipiste. Matala sohvap\u00f6yt\u00e4 antaa tilaa ymp\u00e4rilleen ja osaa olla oikeassa ymp\u00e4rist\u00f6ss\u00e4 n\u00e4ytt\u00e4v\u00e4kin ilmestys.<\/p>\n<p>Painoa t\u00e4ll\u00e4 &#8221;m\u00f6ykyll\u00e4&#8221; on kokoonsa n\u00e4hden.<\/p>\n<p>70&#215;70 petsattu koivu 410 euroa<\/p>\n","protected":false},"excerpt":{"rendered":"<p>Matala paksuilla jaloilla tehty sohvap\u00f6yt\u00e4 koivusta. Jalka on 12&#215;12 ja kokonaiskorkeus 28 cm. Pelkistetyn olohuonesisustuksen keskipiste. Matala sohvap\u00f6yt\u00e4 antaa tilaa ymp\u00e4rilleen ja osaa olla oikeassa ymp\u00e4rist\u00f6ss\u00e4 n\u00e4ytt\u00e4v\u00e4kin ilmestys. Painoa t\u00e4ll\u00e4 &#8221;m\u00f6ykyll\u00e4&#8221; on kokoonsa n\u00e4hden. 70&#215;70 petsattu koivu 410 euroa<\/p>\n","protected":false},"author":3,"featured_media":0,"parent":333,"menu_order":0,"comment_status":"open","ping_status":"open","template":"tuote.php","meta":{"om_disable_all_campaigns":false,"_monsterinsights_skip_tracking":false,"_monsterinsights_sitenote_active":false,"_monsterinsights_sitenote_note":"","_monsterinsights_sitenote_category":0,"footnotes":""},"class_list":["post-269","page","type-page","status-publish","hentry"],"aioseo_notices":[],"_links":{"self":[{"href":"https:\/\/woodentouch.fi\/wordpress\/wp-json\/wp\/v2\/pages\/269","targetHints":{"allow":["GET"]}}],"collection":[{"href":"https:\/\/woodentouch.fi\/wordpress\/wp-json\/wp\/v2\/pages"}],"about":[{"href":"https:\/\/woodentouch.fi\/wordpress\/wp-json\/wp\/v2\/types\/page"}],"author":[{"embeddable":true,"href":"https:\/\/woodentouch.fi\/wordpress\/wp-json\/wp\/v2\/users\/3"}],"replies":[{"embeddable":true,"href":"https:\/\/woodentouch.fi\/wordpress\/wp-json\/wp\/v2\/comments?post=269"}],"version-history":[{"count":9,"href":"https:\/\/woodentouch.fi\/wordpress\/wp-json\/wp\/v2\/pages\/269\/revisions"}],"predecessor-version":[{"id":2429,"href":"https:\/\/woodentouch.fi\/wordpress\/wp-json\/wp\/v2\/pages\/269\/revisions\/2429"}],"up":[{"embeddable":true,"href":"https:\/\/woodentouch.fi\/wordpress\/wp-json\/wp\/v2\/pages\/333"}],"wp:attachment":[{"href":"https:\/\/woodentouch.fi\/wordpress\/wp-json\/wp\/v2\/media?parent=269"}],"curies":[{"name":"wp","href":"https:\/\/api.w.org\/{rel}","templated":true}]}}