{"id":2615,"date":"2020-11-12T23:31:48","date_gmt":"2020-11-12T21:31:48","guid":{"rendered":"http:\/\/www.woodentouch.fi\/?page_id=2615"},"modified":"2021-07-15T12:08:14","modified_gmt":"2021-07-15T09:08:14","slug":"poyta400","status":"publish","type":"page","link":"https:\/\/woodentouch.fi\/wordpress\/tuotteet\/galleria\/poyta400\/","title":{"rendered":"poyta400"},"content":{"rendered":"<p>Yksi t\u00e4m\u00e4n hetken eniten kysytyimpi\u00e4 p\u00f6yt\u00e4malleja.<\/p>\n<p>Viistein kevennetty 40 mm vahva kansi, sek\u00e4 hieman alasp\u00e4in viistotut jalat, tekev\u00e4t mallista ajattoman ja skandinaavisen tyylin mukaisesti linjakkaan.<\/p>\n<p>200&#215;100<\/p>\n<p>Tammi 1680 euroa<\/p>\n","protected":false},"excerpt":{"rendered":"<p>Yksi t\u00e4m\u00e4n hetken eniten kysytyimpi\u00e4 p\u00f6yt\u00e4malleja. Viistein kevennetty 40 mm vahva kansi, sek\u00e4 hieman alasp\u00e4in viistotut jalat, tekev\u00e4t mallista ajattoman ja skandinaavisen tyylin mukaisesti linjakkaan. 200&#215;100 Tammi 1680 euroa<\/p>\n","protected":false},"author":3,"featured_media":0,"parent":333,"menu_order":0,"comment_status":"closed","ping_status":"open","template":"tuote.php","meta":{"om_disable_all_campaigns":false,"_monsterinsights_skip_tracking":false,"_monsterinsights_sitenote_active":false,"_monsterinsights_sitenote_note":"","_monsterinsights_sitenote_category":0,"footnotes":""},"class_list":["post-2615","page","type-page","status-publish","hentry"],"aioseo_notices":[],"_links":{"self":[{"href":"https:\/\/woodentouch.fi\/wordpress\/wp-json\/wp\/v2\/pages\/2615","targetHints":{"allow":["GET"]}}],"collection":[{"href":"https:\/\/woodentouch.fi\/wordpress\/wp-json\/wp\/v2\/pages"}],"about":[{"href":"https:\/\/woodentouch.fi\/wordpress\/wp-json\/wp\/v2\/types\/page"}],"author":[{"embeddable":true,"href":"https:\/\/woodentouch.fi\/wordpress\/wp-json\/wp\/v2\/users\/3"}],"replies":[{"embeddable":true,"href":"https:\/\/woodentouch.fi\/wordpress\/wp-json\/wp\/v2\/comments?post=2615"}],"version-history":[{"count":5,"href":"https:\/\/woodentouch.fi\/wordpress\/wp-json\/wp\/v2\/pages\/2615\/revisions"}],"predecessor-version":[{"id":2739,"href":"https:\/\/woodentouch.fi\/wordpress\/wp-json\/wp\/v2\/pages\/2615\/revisions\/2739"}],"up":[{"embeddable":true,"href":"https:\/\/woodentouch.fi\/wordpress\/wp-json\/wp\/v2\/pages\/333"}],"wp:attachment":[{"href":"https:\/\/woodentouch.fi\/wordpress\/wp-json\/wp\/v2\/media?parent=2615"}],"curies":[{"name":"wp","href":"https:\/\/api.w.org\/{rel}","templated":true}]}}