{"id":260,"date":"2009-06-24T15:13:52","date_gmt":"2009-06-24T12:13:52","guid":{"rendered":"http:\/\/www.woodentouch.fi\/wordpress\/?page_id=260"},"modified":"2024-04-10T13:37:08","modified_gmt":"2024-04-10T10:37:08","slug":"kaappi-3","status":"publish","type":"page","link":"https:\/\/woodentouch.fi\/wordpress\/tuotteet\/galleria\/kaappi-3\/","title":{"rendered":"Kaappi 4"},"content":{"rendered":"<p>Valkoinen eteisen kenk\u00e4kaappi, jossa alasp\u00e4in k\u00e4\u00e4ntyv\u00e4t kenk\u00e4laatikot.<\/p>\n<p>Vetimet on toteutettu laatikoihin sahatuilla aukoilla.\u00a0 Pienen syvyytens\u00e4 ansiosta vie vain v\u00e4h\u00e4n tilaa usein ahtaassa eteisess\u00e4.<\/p>\n","protected":false},"excerpt":{"rendered":"<p>Valkoinen eteisen kenk\u00e4kaappi, jossa alasp\u00e4in k\u00e4\u00e4ntyv\u00e4t kenk\u00e4laatikot. Vetimet on toteutettu laatikoihin sahatuilla aukoilla.\u00a0 Pienen syvyytens\u00e4 ansiosta vie vain v\u00e4h\u00e4n tilaa usein ahtaassa eteisess\u00e4.<\/p>\n","protected":false},"author":3,"featured_media":0,"parent":333,"menu_order":0,"comment_status":"open","ping_status":"open","template":"tuote.php","meta":{"om_disable_all_campaigns":false,"_monsterinsights_skip_tracking":false,"_monsterinsights_sitenote_active":false,"_monsterinsights_sitenote_note":"","_monsterinsights_sitenote_category":0,"footnotes":""},"class_list":["post-260","page","type-page","status-publish","hentry"],"aioseo_notices":[],"_links":{"self":[{"href":"https:\/\/woodentouch.fi\/wordpress\/wp-json\/wp\/v2\/pages\/260","targetHints":{"allow":["GET"]}}],"collection":[{"href":"https:\/\/woodentouch.fi\/wordpress\/wp-json\/wp\/v2\/pages"}],"about":[{"href":"https:\/\/woodentouch.fi\/wordpress\/wp-json\/wp\/v2\/types\/page"}],"author":[{"embeddable":true,"href":"https:\/\/woodentouch.fi\/wordpress\/wp-json\/wp\/v2\/users\/3"}],"replies":[{"embeddable":true,"href":"https:\/\/woodentouch.fi\/wordpress\/wp-json\/wp\/v2\/comments?post=260"}],"version-history":[{"count":13,"href":"https:\/\/woodentouch.fi\/wordpress\/wp-json\/wp\/v2\/pages\/260\/revisions"}],"predecessor-version":[{"id":2929,"href":"https:\/\/woodentouch.fi\/wordpress\/wp-json\/wp\/v2\/pages\/260\/revisions\/2929"}],"up":[{"embeddable":true,"href":"https:\/\/woodentouch.fi\/wordpress\/wp-json\/wp\/v2\/pages\/333"}],"wp:attachment":[{"href":"https:\/\/woodentouch.fi\/wordpress\/wp-json\/wp\/v2\/media?parent=260"}],"curies":[{"name":"wp","href":"https:\/\/api.w.org\/{rel}","templated":true}]}}