{"id":2597,"date":"2017-11-12T23:02:08","date_gmt":"2017-11-12T21:02:08","guid":{"rendered":"http:\/\/www.woodentouch.fi\/?page_id=2597"},"modified":"2021-07-15T12:40:59","modified_gmt":"2021-07-15T09:40:59","slug":"poyta360","status":"publish","type":"page","link":"https:\/\/woodentouch.fi\/wordpress\/tuotteet\/galleria\/poyta360\/","title":{"rendered":"poyta360"},"content":{"rendered":"<p>Py\u00f6re\u00e4 p\u00f6yt\u00e4 tarjoaa mahdollisuuden sijoittaa useammankin ruokailijan, vaikka tilaa olisi rajatusti. Samaan aikaan se on n\u00e4ytt\u00e4v\u00e4 v\u00e4ljemm\u00e4ss\u00e4kin tilassa. T\u00e4m\u00e4 malli on luonnossa viel\u00e4 paljon kuvaa kauniimpi.<\/p>\n<p>Koossa 130 cm<\/p>\n<p>Tammi 151o euroa<\/p>\n<p>Koivu 1240 euroa<\/p>\n<p>&nbsp;<\/p>\n","protected":false},"excerpt":{"rendered":"<p>Py\u00f6re\u00e4 p\u00f6yt\u00e4 tarjoaa mahdollisuuden sijoittaa useammankin ruokailijan, vaikka tilaa olisi rajatusti. Samaan aikaan se on n\u00e4ytt\u00e4v\u00e4 v\u00e4ljemm\u00e4ss\u00e4kin tilassa. T\u00e4m\u00e4 malli on luonnossa viel\u00e4 paljon kuvaa kauniimpi. Koossa 130 cm Tammi 151o euroa Koivu 1240 euroa &nbsp;<\/p>\n","protected":false},"author":3,"featured_media":0,"parent":333,"menu_order":2,"comment_status":"closed","ping_status":"open","template":"tuote.php","meta":{"om_disable_all_campaigns":false,"_monsterinsights_skip_tracking":false,"_monsterinsights_sitenote_active":false,"_monsterinsights_sitenote_note":"","_monsterinsights_sitenote_category":0,"footnotes":""},"class_list":["post-2597","page","type-page","status-publish","hentry"],"aioseo_notices":[],"_links":{"self":[{"href":"https:\/\/woodentouch.fi\/wordpress\/wp-json\/wp\/v2\/pages\/2597","targetHints":{"allow":["GET"]}}],"collection":[{"href":"https:\/\/woodentouch.fi\/wordpress\/wp-json\/wp\/v2\/pages"}],"about":[{"href":"https:\/\/woodentouch.fi\/wordpress\/wp-json\/wp\/v2\/types\/page"}],"author":[{"embeddable":true,"href":"https:\/\/woodentouch.fi\/wordpress\/wp-json\/wp\/v2\/users\/3"}],"replies":[{"embeddable":true,"href":"https:\/\/woodentouch.fi\/wordpress\/wp-json\/wp\/v2\/comments?post=2597"}],"version-history":[{"count":6,"href":"https:\/\/woodentouch.fi\/wordpress\/wp-json\/wp\/v2\/pages\/2597\/revisions"}],"predecessor-version":[{"id":2741,"href":"https:\/\/woodentouch.fi\/wordpress\/wp-json\/wp\/v2\/pages\/2597\/revisions\/2741"}],"up":[{"embeddable":true,"href":"https:\/\/woodentouch.fi\/wordpress\/wp-json\/wp\/v2\/pages\/333"}],"wp:attachment":[{"href":"https:\/\/woodentouch.fi\/wordpress\/wp-json\/wp\/v2\/media?parent=2597"}],"curies":[{"name":"wp","href":"https:\/\/api.w.org\/{rel}","templated":true}]}}