{"id":256,"date":"2009-06-24T15:12:59","date_gmt":"2009-06-24T12:12:59","guid":{"rendered":"http:\/\/www.woodentouch.fi\/wordpress\/?page_id=256"},"modified":"2024-04-10T13:40:40","modified_gmt":"2024-04-10T10:40:40","slug":"kaappi230","status":"publish","type":"page","link":"https:\/\/woodentouch.fi\/wordpress\/tuotteet\/galleria\/kaappi230\/","title":{"rendered":"kaappi230"},"content":{"rendered":"<p>Erilainen mutta toimiva senkki. Keskiosan ovi avautuu normaalin oven tavoin ja reunaosioissa etsatut lasiliukuovet. Liukuovien taakse on piilotettu talon musiikkilaitteisto, jonne kaukos\u00e4\u00e4dinsignaali menee ovien l\u00e4pi.<\/p>\n<p>Petsattu koivu 150x40x85<\/p>\n<p>1380 euroa<\/p>\n","protected":false},"excerpt":{"rendered":"<p>Erilainen mutta toimiva senkki. Keskiosan ovi avautuu normaalin oven tavoin ja reunaosioissa etsatut lasiliukuovet. Liukuovien taakse on piilotettu talon musiikkilaitteisto, jonne kaukos\u00e4\u00e4dinsignaali menee ovien l\u00e4pi. Petsattu koivu 150x40x85 1380 euroa<\/p>\n","protected":false},"author":3,"featured_media":0,"parent":333,"menu_order":0,"comment_status":"open","ping_status":"open","template":"tuote.php","meta":{"om_disable_all_campaigns":false,"_monsterinsights_skip_tracking":false,"_monsterinsights_sitenote_active":false,"_monsterinsights_sitenote_note":"","_monsterinsights_sitenote_category":0,"footnotes":""},"class_list":["post-256","page","type-page","status-publish","hentry"],"aioseo_notices":[],"_links":{"self":[{"href":"https:\/\/woodentouch.fi\/wordpress\/wp-json\/wp\/v2\/pages\/256","targetHints":{"allow":["GET"]}}],"collection":[{"href":"https:\/\/woodentouch.fi\/wordpress\/wp-json\/wp\/v2\/pages"}],"about":[{"href":"https:\/\/woodentouch.fi\/wordpress\/wp-json\/wp\/v2\/types\/page"}],"author":[{"embeddable":true,"href":"https:\/\/woodentouch.fi\/wordpress\/wp-json\/wp\/v2\/users\/3"}],"replies":[{"embeddable":true,"href":"https:\/\/woodentouch.fi\/wordpress\/wp-json\/wp\/v2\/comments?post=256"}],"version-history":[{"count":9,"href":"https:\/\/woodentouch.fi\/wordpress\/wp-json\/wp\/v2\/pages\/256\/revisions"}],"predecessor-version":[{"id":2935,"href":"https:\/\/woodentouch.fi\/wordpress\/wp-json\/wp\/v2\/pages\/256\/revisions\/2935"}],"up":[{"embeddable":true,"href":"https:\/\/woodentouch.fi\/wordpress\/wp-json\/wp\/v2\/pages\/333"}],"wp:attachment":[{"href":"https:\/\/woodentouch.fi\/wordpress\/wp-json\/wp\/v2\/media?parent=256"}],"curies":[{"name":"wp","href":"https:\/\/api.w.org\/{rel}","templated":true}]}}