{"id":2533,"date":"2017-08-22T18:04:26","date_gmt":"2017-08-22T15:04:26","guid":{"rendered":"http:\/\/www.woodentouch.fi\/?page_id=2533"},"modified":"2021-07-15T12:11:28","modified_gmt":"2021-07-15T09:11:28","slug":"poyta350","status":"publish","type":"page","link":"https:\/\/woodentouch.fi\/wordpress\/tuotteet\/galleria\/poyta350\/","title":{"rendered":"poyta350"},"content":{"rendered":"<p>Valkolakattu tamminen ruokap\u00f6yt\u00e4. Asiakas esitti idean jalkamallista ja toteutus kuvan mukainen. Voidaan toteuttaa my\u00f6s ohuemmalla kannella.<\/p>\n<p>200&#215;100<\/p>\n<p>Tammi 1810 euroa<\/p>\n","protected":false},"excerpt":{"rendered":"<p>Valkolakattu tamminen ruokap\u00f6yt\u00e4. Asiakas esitti idean jalkamallista ja toteutus kuvan mukainen. Voidaan toteuttaa my\u00f6s ohuemmalla kannella. 200&#215;100 Tammi 1810 euroa<\/p>\n","protected":false},"author":3,"featured_media":0,"parent":333,"menu_order":0,"comment_status":"closed","ping_status":"open","template":"tuote.php","meta":{"om_disable_all_campaigns":false,"_monsterinsights_skip_tracking":false,"_monsterinsights_sitenote_active":false,"_monsterinsights_sitenote_note":"","_monsterinsights_sitenote_category":0,"footnotes":""},"class_list":["post-2533","page","type-page","status-publish","hentry"],"aioseo_notices":[],"_links":{"self":[{"href":"https:\/\/woodentouch.fi\/wordpress\/wp-json\/wp\/v2\/pages\/2533","targetHints":{"allow":["GET"]}}],"collection":[{"href":"https:\/\/woodentouch.fi\/wordpress\/wp-json\/wp\/v2\/pages"}],"about":[{"href":"https:\/\/woodentouch.fi\/wordpress\/wp-json\/wp\/v2\/types\/page"}],"author":[{"embeddable":true,"href":"https:\/\/woodentouch.fi\/wordpress\/wp-json\/wp\/v2\/users\/3"}],"replies":[{"embeddable":true,"href":"https:\/\/woodentouch.fi\/wordpress\/wp-json\/wp\/v2\/comments?post=2533"}],"version-history":[{"count":4,"href":"https:\/\/woodentouch.fi\/wordpress\/wp-json\/wp\/v2\/pages\/2533\/revisions"}],"predecessor-version":[{"id":2742,"href":"https:\/\/woodentouch.fi\/wordpress\/wp-json\/wp\/v2\/pages\/2533\/revisions\/2742"}],"up":[{"embeddable":true,"href":"https:\/\/woodentouch.fi\/wordpress\/wp-json\/wp\/v2\/pages\/333"}],"wp:attachment":[{"href":"https:\/\/woodentouch.fi\/wordpress\/wp-json\/wp\/v2\/media?parent=2533"}],"curies":[{"name":"wp","href":"https:\/\/api.w.org\/{rel}","templated":true}]}}