{"id":2516,"date":"2011-06-29T14:47:29","date_gmt":"2011-06-29T11:47:29","guid":{"rendered":"http:\/\/www.woodentouch.fi\/?page_id=2516"},"modified":"2016-06-29T14:53:34","modified_gmt":"2016-06-29T11:53:34","slug":"tvtaso320","status":"publish","type":"page","link":"https:\/\/woodentouch.fi\/wordpress\/tuotteet\/galleria\/tvtaso320\/","title":{"rendered":"tvtaso320"},"content":{"rendered":"<p>N\u00e4it\u00e4 tulee tehty\u00e4 paljon. T\u00e4m\u00e4 versio on toteutettu mattamustana. Kaksi reunimmaista osiota laaatikkoja ja keskimm\u00e4iset laitteille. Luonnollisesti hyv\u00e4t viennit johdotuksille ja takaa huollettava johtokaukalo piuhoille. Takasein\u00e4\u00e4n lis\u00e4tty valolista, josta led-nauha heijastaa valon sein\u00e4lle.<\/p>\n<p>240x40x45 1520 euroa.<\/p>\n","protected":false},"excerpt":{"rendered":"<p>N\u00e4it\u00e4 tulee tehty\u00e4 paljon. T\u00e4m\u00e4 versio on toteutettu mattamustana. Kaksi reunimmaista osiota laaatikkoja ja keskimm\u00e4iset laitteille. Luonnollisesti hyv\u00e4t viennit johdotuksille ja takaa huollettava johtokaukalo piuhoille. Takasein\u00e4\u00e4n lis\u00e4tty valolista, josta led-nauha heijastaa valon sein\u00e4lle. 240x40x45 1520 euroa.<\/p>\n","protected":false},"author":3,"featured_media":0,"parent":333,"menu_order":80,"comment_status":"closed","ping_status":"open","template":"tuote.php","meta":{"om_disable_all_campaigns":false,"_monsterinsights_skip_tracking":false,"_monsterinsights_sitenote_active":false,"_monsterinsights_sitenote_note":"","_monsterinsights_sitenote_category":0,"footnotes":""},"class_list":["post-2516","page","type-page","status-publish","hentry"],"aioseo_notices":[],"_links":{"self":[{"href":"https:\/\/woodentouch.fi\/wordpress\/wp-json\/wp\/v2\/pages\/2516","targetHints":{"allow":["GET"]}}],"collection":[{"href":"https:\/\/woodentouch.fi\/wordpress\/wp-json\/wp\/v2\/pages"}],"about":[{"href":"https:\/\/woodentouch.fi\/wordpress\/wp-json\/wp\/v2\/types\/page"}],"author":[{"embeddable":true,"href":"https:\/\/woodentouch.fi\/wordpress\/wp-json\/wp\/v2\/users\/3"}],"replies":[{"embeddable":true,"href":"https:\/\/woodentouch.fi\/wordpress\/wp-json\/wp\/v2\/comments?post=2516"}],"version-history":[{"count":7,"href":"https:\/\/woodentouch.fi\/wordpress\/wp-json\/wp\/v2\/pages\/2516\/revisions"}],"predecessor-version":[{"id":2528,"href":"https:\/\/woodentouch.fi\/wordpress\/wp-json\/wp\/v2\/pages\/2516\/revisions\/2528"}],"up":[{"embeddable":true,"href":"https:\/\/woodentouch.fi\/wordpress\/wp-json\/wp\/v2\/pages\/333"}],"wp:attachment":[{"href":"https:\/\/woodentouch.fi\/wordpress\/wp-json\/wp\/v2\/media?parent=2516"}],"curies":[{"name":"wp","href":"https:\/\/api.w.org\/{rel}","templated":true}]}}