{"id":250,"date":"2009-06-24T15:05:37","date_gmt":"2009-06-24T12:05:37","guid":{"rendered":"http:\/\/www.woodentouch.fi\/wordpress\/?page_id=250"},"modified":"2015-06-23T12:38:49","modified_gmt":"2015-06-23T09:38:49","slug":"poyta170","status":"publish","type":"page","link":"https:\/\/woodentouch.fi\/wordpress\/tuotteet\/galleria\/poyta170\/","title":{"rendered":"poyta170"},"content":{"rendered":"<p>Neli\u00f6n muotoinen tammesta valmistettu p\u00f6yt\u00e4 sinkkaliitoksin. Pintak\u00e4sittelyn\u00e4 \u00f6ljyvaha.<\/p>\n<p>Painaa paljon ja my\u00f6s n\u00e4ytt\u00e4\u00e4 silt\u00e4. N\u00e4ist\u00e4 p\u00f6ydist\u00e4 saa elinik\u00e4isen kumppanin, sill\u00e4 entis\u00f6inti- ja hiontavaraa umpitammisessa kannessa riitt\u00e4\u00e4.<\/p>\n<p>140&#215;140 tammi 1680 euroa<\/p>\n","protected":false},"excerpt":{"rendered":"<p>Neli\u00f6n muotoinen tammesta valmistettu p\u00f6yt\u00e4 sinkkaliitoksin. Pintak\u00e4sittelyn\u00e4 \u00f6ljyvaha. Painaa paljon ja my\u00f6s n\u00e4ytt\u00e4\u00e4 silt\u00e4. N\u00e4ist\u00e4 p\u00f6ydist\u00e4 saa elinik\u00e4isen kumppanin, sill\u00e4 entis\u00f6inti- ja hiontavaraa umpitammisessa kannessa riitt\u00e4\u00e4. 140&#215;140 tammi 1680 euroa<\/p>\n","protected":false},"author":3,"featured_media":0,"parent":333,"menu_order":0,"comment_status":"open","ping_status":"open","template":"tuote.php","meta":{"om_disable_all_campaigns":false,"_monsterinsights_skip_tracking":false,"_monsterinsights_sitenote_active":false,"_monsterinsights_sitenote_note":"","_monsterinsights_sitenote_category":0,"footnotes":""},"class_list":["post-250","page","type-page","status-publish","hentry"],"aioseo_notices":[],"_links":{"self":[{"href":"https:\/\/woodentouch.fi\/wordpress\/wp-json\/wp\/v2\/pages\/250","targetHints":{"allow":["GET"]}}],"collection":[{"href":"https:\/\/woodentouch.fi\/wordpress\/wp-json\/wp\/v2\/pages"}],"about":[{"href":"https:\/\/woodentouch.fi\/wordpress\/wp-json\/wp\/v2\/types\/page"}],"author":[{"embeddable":true,"href":"https:\/\/woodentouch.fi\/wordpress\/wp-json\/wp\/v2\/users\/3"}],"replies":[{"embeddable":true,"href":"https:\/\/woodentouch.fi\/wordpress\/wp-json\/wp\/v2\/comments?post=250"}],"version-history":[{"count":15,"href":"https:\/\/woodentouch.fi\/wordpress\/wp-json\/wp\/v2\/pages\/250\/revisions"}],"predecessor-version":[{"id":2421,"href":"https:\/\/woodentouch.fi\/wordpress\/wp-json\/wp\/v2\/pages\/250\/revisions\/2421"}],"up":[{"embeddable":true,"href":"https:\/\/woodentouch.fi\/wordpress\/wp-json\/wp\/v2\/pages\/333"}],"wp:attachment":[{"href":"https:\/\/woodentouch.fi\/wordpress\/wp-json\/wp\/v2\/media?parent=250"}],"curies":[{"name":"wp","href":"https:\/\/api.w.org\/{rel}","templated":true}]}}