{"id":248,"date":"2009-06-24T15:03:24","date_gmt":"2009-06-24T12:03:24","guid":{"rendered":"http:\/\/www.woodentouch.fi\/wordpress\/?page_id=248"},"modified":"2015-06-23T13:03:17","modified_gmt":"2015-06-23T10:03:17","slug":"sohvapoyta160","status":"publish","type":"page","link":"https:\/\/woodentouch.fi\/wordpress\/tuotteet\/galleria\/sohvapoyta160\/","title":{"rendered":"sohvapoyta160"},"content":{"rendered":"<p>Upea siro sohvap\u00f6yt\u00e4yhdistelm\u00e4 tammesta. Kahden p\u00f6yd\u00e4n kevyt yhdistelm\u00e4 luo linjoja, joita ihailla.<\/p>\n<p>50 cm ja 70 cm p\u00f6yt\u00e4yhdistelm\u00e4 tammesta<\/p>\n<p>920 euroa<\/p>\n","protected":false},"excerpt":{"rendered":"<p>Upea siro sohvap\u00f6yt\u00e4yhdistelm\u00e4 tammesta. Kahden p\u00f6yd\u00e4n kevyt yhdistelm\u00e4 luo linjoja, joita ihailla. 50 cm ja 70 cm p\u00f6yt\u00e4yhdistelm\u00e4 tammesta 920 euroa<\/p>\n","protected":false},"author":3,"featured_media":0,"parent":333,"menu_order":0,"comment_status":"open","ping_status":"open","template":"tuote.php","meta":{"om_disable_all_campaigns":false,"_monsterinsights_skip_tracking":false,"_monsterinsights_sitenote_active":false,"_monsterinsights_sitenote_note":"","_monsterinsights_sitenote_category":0,"footnotes":""},"class_list":["post-248","page","type-page","status-publish","hentry"],"aioseo_notices":[],"_links":{"self":[{"href":"https:\/\/woodentouch.fi\/wordpress\/wp-json\/wp\/v2\/pages\/248","targetHints":{"allow":["GET"]}}],"collection":[{"href":"https:\/\/woodentouch.fi\/wordpress\/wp-json\/wp\/v2\/pages"}],"about":[{"href":"https:\/\/woodentouch.fi\/wordpress\/wp-json\/wp\/v2\/types\/page"}],"author":[{"embeddable":true,"href":"https:\/\/woodentouch.fi\/wordpress\/wp-json\/wp\/v2\/users\/3"}],"replies":[{"embeddable":true,"href":"https:\/\/woodentouch.fi\/wordpress\/wp-json\/wp\/v2\/comments?post=248"}],"version-history":[{"count":9,"href":"https:\/\/woodentouch.fi\/wordpress\/wp-json\/wp\/v2\/pages\/248\/revisions"}],"predecessor-version":[{"id":2430,"href":"https:\/\/woodentouch.fi\/wordpress\/wp-json\/wp\/v2\/pages\/248\/revisions\/2430"}],"up":[{"embeddable":true,"href":"https:\/\/woodentouch.fi\/wordpress\/wp-json\/wp\/v2\/pages\/333"}],"wp:attachment":[{"href":"https:\/\/woodentouch.fi\/wordpress\/wp-json\/wp\/v2\/media?parent=248"}],"curies":[{"name":"wp","href":"https:\/\/api.w.org\/{rel}","templated":true}]}}