{"id":242,"date":"2009-06-24T15:00:15","date_gmt":"2009-06-24T12:00:15","guid":{"rendered":"http:\/\/www.woodentouch.fi\/wordpress\/?page_id=242"},"modified":"2015-06-23T14:11:55","modified_gmt":"2015-06-23T11:11:55","slug":"sohvapoyta140","status":"publish","type":"page","link":"https:\/\/woodentouch.fi\/wordpress\/tuotteet\/galleria\/sohvapoyta140\/","title":{"rendered":"sohvapoyta140"},"content":{"rendered":"<p>Sohvap\u00f6yt\u00e4 jossa sivulla laatikko lehdille ja kaukos\u00e4\u00e4timille. Hidastekiskojen ansiosta laatikko liikkuu tarkasti ja sulkeutuu pehme\u00e4sti.<\/p>\n<p>90&#215;50 petsattu koivu 570 euroa<\/p>\n","protected":false},"excerpt":{"rendered":"<p>Sohvap\u00f6yt\u00e4 jossa sivulla laatikko lehdille ja kaukos\u00e4\u00e4timille. Hidastekiskojen ansiosta laatikko liikkuu tarkasti ja sulkeutuu pehme\u00e4sti. 90&#215;50 petsattu koivu 570 euroa<\/p>\n","protected":false},"author":3,"featured_media":0,"parent":333,"menu_order":0,"comment_status":"open","ping_status":"open","template":"tuote.php","meta":{"om_disable_all_campaigns":false,"_monsterinsights_skip_tracking":false,"_monsterinsights_sitenote_active":false,"_monsterinsights_sitenote_note":"","_monsterinsights_sitenote_category":0,"footnotes":""},"class_list":["post-242","page","type-page","status-publish","hentry"],"aioseo_notices":[],"_links":{"self":[{"href":"https:\/\/woodentouch.fi\/wordpress\/wp-json\/wp\/v2\/pages\/242","targetHints":{"allow":["GET"]}}],"collection":[{"href":"https:\/\/woodentouch.fi\/wordpress\/wp-json\/wp\/v2\/pages"}],"about":[{"href":"https:\/\/woodentouch.fi\/wordpress\/wp-json\/wp\/v2\/types\/page"}],"author":[{"embeddable":true,"href":"https:\/\/woodentouch.fi\/wordpress\/wp-json\/wp\/v2\/users\/3"}],"replies":[{"embeddable":true,"href":"https:\/\/woodentouch.fi\/wordpress\/wp-json\/wp\/v2\/comments?post=242"}],"version-history":[{"count":10,"href":"https:\/\/woodentouch.fi\/wordpress\/wp-json\/wp\/v2\/pages\/242\/revisions"}],"predecessor-version":[{"id":2432,"href":"https:\/\/woodentouch.fi\/wordpress\/wp-json\/wp\/v2\/pages\/242\/revisions\/2432"}],"up":[{"embeddable":true,"href":"https:\/\/woodentouch.fi\/wordpress\/wp-json\/wp\/v2\/pages\/333"}],"wp:attachment":[{"href":"https:\/\/woodentouch.fi\/wordpress\/wp-json\/wp\/v2\/media?parent=242"}],"curies":[{"name":"wp","href":"https:\/\/api.w.org\/{rel}","templated":true}]}}