{"id":238,"date":"2009-06-24T14:55:53","date_gmt":"2009-06-24T11:55:53","guid":{"rendered":"http:\/\/www.woodentouch.fi\/wordpress\/?page_id=238"},"modified":"2015-06-23T13:04:19","modified_gmt":"2015-06-23T10:04:19","slug":"poyta220","status":"publish","type":"page","link":"https:\/\/woodentouch.fi\/wordpress\/tuotteet\/galleria\/poyta220\/","title":{"rendered":"poyta220"},"content":{"rendered":"<p>Upea py\u00f6re\u00e4 130cm halkaisijaltaan oleva ruokap\u00f6yt\u00e4 koivusta maalattuna. Modernit linjat hivelev\u00e4t silm\u00e4\u00e4.<\/p>\n<p>N\u00e4it\u00e4 on ilo valmistaa.<\/p>\n<p>1240 euroa<\/p>\n","protected":false},"excerpt":{"rendered":"<p>Upea py\u00f6re\u00e4 130cm halkaisijaltaan oleva ruokap\u00f6yt\u00e4 koivusta maalattuna. Modernit linjat hivelev\u00e4t silm\u00e4\u00e4. N\u00e4it\u00e4 on ilo valmistaa. 1240 euroa<\/p>\n","protected":false},"author":3,"featured_media":0,"parent":333,"menu_order":1,"comment_status":"open","ping_status":"open","template":"tuote.php","meta":{"om_disable_all_campaigns":false,"_monsterinsights_skip_tracking":false,"_monsterinsights_sitenote_active":false,"_monsterinsights_sitenote_note":"","_monsterinsights_sitenote_category":0,"footnotes":""},"class_list":["post-238","page","type-page","status-publish","hentry"],"aioseo_notices":[],"_links":{"self":[{"href":"https:\/\/woodentouch.fi\/wordpress\/wp-json\/wp\/v2\/pages\/238","targetHints":{"allow":["GET"]}}],"collection":[{"href":"https:\/\/woodentouch.fi\/wordpress\/wp-json\/wp\/v2\/pages"}],"about":[{"href":"https:\/\/woodentouch.fi\/wordpress\/wp-json\/wp\/v2\/types\/page"}],"author":[{"embeddable":true,"href":"https:\/\/woodentouch.fi\/wordpress\/wp-json\/wp\/v2\/users\/3"}],"replies":[{"embeddable":true,"href":"https:\/\/woodentouch.fi\/wordpress\/wp-json\/wp\/v2\/comments?post=238"}],"version-history":[{"count":8,"href":"https:\/\/woodentouch.fi\/wordpress\/wp-json\/wp\/v2\/pages\/238\/revisions"}],"predecessor-version":[{"id":1812,"href":"https:\/\/woodentouch.fi\/wordpress\/wp-json\/wp\/v2\/pages\/238\/revisions\/1812"}],"up":[{"embeddable":true,"href":"https:\/\/woodentouch.fi\/wordpress\/wp-json\/wp\/v2\/pages\/333"}],"wp:attachment":[{"href":"https:\/\/woodentouch.fi\/wordpress\/wp-json\/wp\/v2\/media?parent=238"}],"curies":[{"name":"wp","href":"https:\/\/api.w.org\/{rel}","templated":true}]}}