{"id":233,"date":"2009-06-24T14:53:41","date_gmt":"2009-06-24T11:53:41","guid":{"rendered":"http:\/\/www.woodentouch.fi\/wordpress\/?page_id=233"},"modified":"2015-06-30T21:17:40","modified_gmt":"2015-06-30T18:17:40","slug":"tvtaso100","status":"publish","type":"page","link":"https:\/\/woodentouch.fi\/wordpress\/tuotteet\/galleria\/tvtaso100\/","title":{"rendered":"tvtaso100"},"content":{"rendered":"<p>Tv-taso liukuovin. Sis\u00e4lt\u00e4 taso on tehty t\u00e4ysin avoimeksi yhdell\u00e4 hyllyll\u00e4, joten se toimii mit\u00e4 erilaisempien laitteiden kanssa ja el\u00e4\u00e4 laitep\u00e4ivitysten mukana. Ovet l\u00e4p\u00e4isev\u00e4t kaukos\u00e4\u00e4dinsignaalin. Mitat 150x50x50<\/p>\n<p>Koivusta 1040 euroa<\/p>\n<p>tammesta 1360 euroa<\/p>\n<p>p\u00e4hkin\u00e4st\u00e4 1540 euroa<\/p>\n","protected":false},"excerpt":{"rendered":"<p>Tv-taso liukuovin. Sis\u00e4lt\u00e4 taso on tehty t\u00e4ysin avoimeksi yhdell\u00e4 hyllyll\u00e4, joten se toimii mit\u00e4 erilaisempien laitteiden kanssa ja el\u00e4\u00e4 laitep\u00e4ivitysten mukana. Ovet l\u00e4p\u00e4isev\u00e4t kaukos\u00e4\u00e4dinsignaalin. Mitat 150x50x50 Koivusta 1040 euroa tammesta 1360 euroa p\u00e4hkin\u00e4st\u00e4 1540 euroa<\/p>\n","protected":false},"author":3,"featured_media":0,"parent":333,"menu_order":0,"comment_status":"open","ping_status":"open","template":"tuote.php","meta":{"om_disable_all_campaigns":false,"_monsterinsights_skip_tracking":false,"_monsterinsights_sitenote_active":false,"_monsterinsights_sitenote_note":"","_monsterinsights_sitenote_category":0,"footnotes":""},"class_list":["post-233","page","type-page","status-publish","hentry"],"aioseo_notices":[],"_links":{"self":[{"href":"https:\/\/woodentouch.fi\/wordpress\/wp-json\/wp\/v2\/pages\/233","targetHints":{"allow":["GET"]}}],"collection":[{"href":"https:\/\/woodentouch.fi\/wordpress\/wp-json\/wp\/v2\/pages"}],"about":[{"href":"https:\/\/woodentouch.fi\/wordpress\/wp-json\/wp\/v2\/types\/page"}],"author":[{"embeddable":true,"href":"https:\/\/woodentouch.fi\/wordpress\/wp-json\/wp\/v2\/users\/3"}],"replies":[{"embeddable":true,"href":"https:\/\/woodentouch.fi\/wordpress\/wp-json\/wp\/v2\/comments?post=233"}],"version-history":[{"count":9,"href":"https:\/\/woodentouch.fi\/wordpress\/wp-json\/wp\/v2\/pages\/233\/revisions"}],"predecessor-version":[{"id":2455,"href":"https:\/\/woodentouch.fi\/wordpress\/wp-json\/wp\/v2\/pages\/233\/revisions\/2455"}],"up":[{"embeddable":true,"href":"https:\/\/woodentouch.fi\/wordpress\/wp-json\/wp\/v2\/pages\/333"}],"wp:attachment":[{"href":"https:\/\/woodentouch.fi\/wordpress\/wp-json\/wp\/v2\/media?parent=233"}],"curies":[{"name":"wp","href":"https:\/\/api.w.org\/{rel}","templated":true}]}}