{"id":229,"date":"2009-06-24T14:52:11","date_gmt":"2009-06-24T11:52:11","guid":{"rendered":"http:\/\/www.woodentouch.fi\/wordpress\/?page_id=229"},"modified":"2015-06-30T21:18:46","modified_gmt":"2015-06-30T18:18:46","slug":"lipasto120","status":"publish","type":"page","link":"https:\/\/woodentouch.fi\/wordpress\/tuotteet\/galleria\/lipasto120\/","title":{"rendered":"lipasto120"},"content":{"rendered":"<p>Leve\u00e4 laatikosto punatammesta. T\u00e4ysin ulostulevat hidastemekanismeilla varustetut laatikot tarjoavat paljon k\u00e4yt\u00e4nn\u00f6llist\u00e4 s\u00e4ilytystilaa.<\/p>\n<p>Pari pient\u00e4 j\u00e4nn\u00e4\u00e4 yksityiskohtaa; Vedin on toteutettu vinolla upotusjyrsinn\u00e4ll\u00e4 sek\u00e4 rungon etureuna on viistetty sis\u00e4\u00e4np\u00e4in.<\/p>\n<p>Lopputuloksena yleisilme, jolla t\u00e4m\u00e4 huonekalu erottuu heti edukseen.<\/p>\n<p>160x90x44 punatammi 1570 euroa<\/p>\n<p>160x90x44 koivu 1310 euroa<\/p>\n","protected":false},"excerpt":{"rendered":"<p>Leve\u00e4 laatikosto punatammesta. T\u00e4ysin ulostulevat hidastemekanismeilla varustetut laatikot tarjoavat paljon k\u00e4yt\u00e4nn\u00f6llist\u00e4 s\u00e4ilytystilaa. Pari pient\u00e4 j\u00e4nn\u00e4\u00e4 yksityiskohtaa; Vedin on toteutettu vinolla upotusjyrsinn\u00e4ll\u00e4 sek\u00e4 rungon etureuna on viistetty sis\u00e4\u00e4np\u00e4in. Lopputuloksena yleisilme, jolla t\u00e4m\u00e4 huonekalu erottuu heti edukseen. 160x90x44 punatammi 1570 euroa 160x90x44 koivu 1310 euroa<\/p>\n","protected":false},"author":3,"featured_media":0,"parent":333,"menu_order":0,"comment_status":"open","ping_status":"open","template":"tuote.php","meta":{"om_disable_all_campaigns":false,"_monsterinsights_skip_tracking":false,"_monsterinsights_sitenote_active":false,"_monsterinsights_sitenote_note":"","_monsterinsights_sitenote_category":0,"footnotes":""},"class_list":["post-229","page","type-page","status-publish","hentry"],"aioseo_notices":[],"_links":{"self":[{"href":"https:\/\/woodentouch.fi\/wordpress\/wp-json\/wp\/v2\/pages\/229","targetHints":{"allow":["GET"]}}],"collection":[{"href":"https:\/\/woodentouch.fi\/wordpress\/wp-json\/wp\/v2\/pages"}],"about":[{"href":"https:\/\/woodentouch.fi\/wordpress\/wp-json\/wp\/v2\/types\/page"}],"author":[{"embeddable":true,"href":"https:\/\/woodentouch.fi\/wordpress\/wp-json\/wp\/v2\/users\/3"}],"replies":[{"embeddable":true,"href":"https:\/\/woodentouch.fi\/wordpress\/wp-json\/wp\/v2\/comments?post=229"}],"version-history":[{"count":10,"href":"https:\/\/woodentouch.fi\/wordpress\/wp-json\/wp\/v2\/pages\/229\/revisions"}],"predecessor-version":[{"id":2456,"href":"https:\/\/woodentouch.fi\/wordpress\/wp-json\/wp\/v2\/pages\/229\/revisions\/2456"}],"up":[{"embeddable":true,"href":"https:\/\/woodentouch.fi\/wordpress\/wp-json\/wp\/v2\/pages\/333"}],"wp:attachment":[{"href":"https:\/\/woodentouch.fi\/wordpress\/wp-json\/wp\/v2\/media?parent=229"}],"curies":[{"name":"wp","href":"https:\/\/api.w.org\/{rel}","templated":true}]}}