{"id":2285,"date":"2011-10-27T17:45:03","date_gmt":"2011-10-27T14:45:03","guid":{"rendered":"http:\/\/www.woodentouch.fi\/?page_id=2285"},"modified":"2013-10-27T17:52:55","modified_gmt":"2013-10-27T15:52:55","slug":"tvtaso300","status":"publish","type":"page","link":"https:\/\/woodentouch.fi\/wordpress\/tuotteet\/galleria\/tvtaso300\/","title":{"rendered":"tvtaso300"},"content":{"rendered":"<p>Tamminen tv-taso, jossa keskell\u00e4 laatikot ja reunoissa etsatut liukuovet. Toimiva malli, niin ulkon\u00e4\u00f6n kuin k\u00e4ytett\u00e4vyyden puolesta.<\/p>\n","protected":false},"excerpt":{"rendered":"<p>Tamminen tv-taso, jossa keskell\u00e4 laatikot ja reunoissa etsatut liukuovet. Toimiva malli, niin ulkon\u00e4\u00f6n kuin k\u00e4ytett\u00e4vyyden puolesta.<\/p>\n","protected":false},"author":3,"featured_media":0,"parent":333,"menu_order":0,"comment_status":"closed","ping_status":"open","template":"tuote.php","meta":{"om_disable_all_campaigns":false,"_monsterinsights_skip_tracking":false,"_monsterinsights_sitenote_active":false,"_monsterinsights_sitenote_note":"","_monsterinsights_sitenote_category":0,"footnotes":""},"class_list":["post-2285","page","type-page","status-publish","hentry"],"aioseo_notices":[],"_links":{"self":[{"href":"https:\/\/woodentouch.fi\/wordpress\/wp-json\/wp\/v2\/pages\/2285","targetHints":{"allow":["GET"]}}],"collection":[{"href":"https:\/\/woodentouch.fi\/wordpress\/wp-json\/wp\/v2\/pages"}],"about":[{"href":"https:\/\/woodentouch.fi\/wordpress\/wp-json\/wp\/v2\/types\/page"}],"author":[{"embeddable":true,"href":"https:\/\/woodentouch.fi\/wordpress\/wp-json\/wp\/v2\/users\/3"}],"replies":[{"embeddable":true,"href":"https:\/\/woodentouch.fi\/wordpress\/wp-json\/wp\/v2\/comments?post=2285"}],"version-history":[{"count":1,"href":"https:\/\/woodentouch.fi\/wordpress\/wp-json\/wp\/v2\/pages\/2285\/revisions"}],"predecessor-version":[{"id":2291,"href":"https:\/\/woodentouch.fi\/wordpress\/wp-json\/wp\/v2\/pages\/2285\/revisions\/2291"}],"up":[{"embeddable":true,"href":"https:\/\/woodentouch.fi\/wordpress\/wp-json\/wp\/v2\/pages\/333"}],"wp:attachment":[{"href":"https:\/\/woodentouch.fi\/wordpress\/wp-json\/wp\/v2\/media?parent=2285"}],"curies":[{"name":"wp","href":"https:\/\/api.w.org\/{rel}","templated":true}]}}