{"id":2280,"date":"2008-10-25T18:31:15","date_gmt":"2008-10-25T15:31:15","guid":{"rendered":"http:\/\/www.woodentouch.fi\/?page_id=2280"},"modified":"2013-10-25T18:35:34","modified_gmt":"2013-10-25T15:35:34","slug":"sanky60","status":"publish","type":"page","link":"https:\/\/woodentouch.fi\/wordpress\/tuotteet\/galleria\/sanky60\/","title":{"rendered":"sanky60"},"content":{"rendered":"<p>P\u00e4hkin\u00e4puinen s\u00e4nky. Jaloissa ja p\u00e4\u00e4dyiss\u00e4 ilmett\u00e4 antavat leikkaukset. Kuvat ei kerro totuutta ja s\u00e4nky on luonnossa todella upea.<\/p>\n","protected":false},"excerpt":{"rendered":"<p>P\u00e4hkin\u00e4puinen s\u00e4nky. Jaloissa ja p\u00e4\u00e4dyiss\u00e4 ilmett\u00e4 antavat leikkaukset. Kuvat ei kerro totuutta ja s\u00e4nky on luonnossa todella upea.<\/p>\n","protected":false},"author":3,"featured_media":0,"parent":333,"menu_order":0,"comment_status":"closed","ping_status":"open","template":"tuote.php","meta":{"om_disable_all_campaigns":false,"_monsterinsights_skip_tracking":false,"_monsterinsights_sitenote_active":false,"_monsterinsights_sitenote_note":"","_monsterinsights_sitenote_category":0,"footnotes":""},"class_list":["post-2280","page","type-page","status-publish","hentry"],"aioseo_notices":[],"_links":{"self":[{"href":"https:\/\/woodentouch.fi\/wordpress\/wp-json\/wp\/v2\/pages\/2280","targetHints":{"allow":["GET"]}}],"collection":[{"href":"https:\/\/woodentouch.fi\/wordpress\/wp-json\/wp\/v2\/pages"}],"about":[{"href":"https:\/\/woodentouch.fi\/wordpress\/wp-json\/wp\/v2\/types\/page"}],"author":[{"embeddable":true,"href":"https:\/\/woodentouch.fi\/wordpress\/wp-json\/wp\/v2\/users\/3"}],"replies":[{"embeddable":true,"href":"https:\/\/woodentouch.fi\/wordpress\/wp-json\/wp\/v2\/comments?post=2280"}],"version-history":[{"count":1,"href":"https:\/\/woodentouch.fi\/wordpress\/wp-json\/wp\/v2\/pages\/2280\/revisions"}],"predecessor-version":[{"id":2284,"href":"https:\/\/woodentouch.fi\/wordpress\/wp-json\/wp\/v2\/pages\/2280\/revisions\/2284"}],"up":[{"embeddable":true,"href":"https:\/\/woodentouch.fi\/wordpress\/wp-json\/wp\/v2\/pages\/333"}],"wp:attachment":[{"href":"https:\/\/woodentouch.fi\/wordpress\/wp-json\/wp\/v2\/media?parent=2280"}],"curies":[{"name":"wp","href":"https:\/\/api.w.org\/{rel}","templated":true}]}}