{"id":2273,"date":"2009-04-25T18:07:11","date_gmt":"2009-04-25T15:07:11","guid":{"rendered":"http:\/\/www.woodentouch.fi\/?page_id=2273"},"modified":"2013-10-25T18:21:44","modified_gmt":"2013-10-25T15:21:44","slug":"sohvasanky10","status":"publish","type":"page","link":"https:\/\/woodentouch.fi\/wordpress\/tuotteet\/galleria\/sohvasanky10\/","title":{"rendered":"sohvasanky10"},"content":{"rendered":"<p>Sohvas\u00e4nky joka toimii sek\u00e4 varavuoteena ett\u00e4 sohvana. Kyljess\u00e4 laatikko sek\u00e4 hyllysyvennys. Voidaan valmistaa halutulle patjakoolle.<\/p>\n","protected":false},"excerpt":{"rendered":"<p>Sohvas\u00e4nky joka toimii sek\u00e4 varavuoteena ett\u00e4 sohvana. Kyljess\u00e4 laatikko sek\u00e4 hyllysyvennys. Voidaan valmistaa halutulle patjakoolle.<\/p>\n","protected":false},"author":3,"featured_media":0,"parent":333,"menu_order":0,"comment_status":"closed","ping_status":"open","template":"tuote.php","meta":{"om_disable_all_campaigns":false,"_monsterinsights_skip_tracking":false,"_monsterinsights_sitenote_active":false,"_monsterinsights_sitenote_note":"","_monsterinsights_sitenote_category":0,"footnotes":""},"class_list":["post-2273","page","type-page","status-publish","hentry"],"aioseo_notices":[],"_links":{"self":[{"href":"https:\/\/woodentouch.fi\/wordpress\/wp-json\/wp\/v2\/pages\/2273","targetHints":{"allow":["GET"]}}],"collection":[{"href":"https:\/\/woodentouch.fi\/wordpress\/wp-json\/wp\/v2\/pages"}],"about":[{"href":"https:\/\/woodentouch.fi\/wordpress\/wp-json\/wp\/v2\/types\/page"}],"author":[{"embeddable":true,"href":"https:\/\/woodentouch.fi\/wordpress\/wp-json\/wp\/v2\/users\/3"}],"replies":[{"embeddable":true,"href":"https:\/\/woodentouch.fi\/wordpress\/wp-json\/wp\/v2\/comments?post=2273"}],"version-history":[{"count":3,"href":"https:\/\/woodentouch.fi\/wordpress\/wp-json\/wp\/v2\/pages\/2273\/revisions"}],"predecessor-version":[{"id":2278,"href":"https:\/\/woodentouch.fi\/wordpress\/wp-json\/wp\/v2\/pages\/2273\/revisions\/2278"}],"up":[{"embeddable":true,"href":"https:\/\/woodentouch.fi\/wordpress\/wp-json\/wp\/v2\/pages\/333"}],"wp:attachment":[{"href":"https:\/\/woodentouch.fi\/wordpress\/wp-json\/wp\/v2\/media?parent=2273"}],"curies":[{"name":"wp","href":"https:\/\/api.w.org\/{rel}","templated":true}]}}