{"id":2263,"date":"2010-10-25T14:29:13","date_gmt":"2010-10-25T11:29:13","guid":{"rendered":"http:\/\/www.woodentouch.fi\/?page_id=2263"},"modified":"2024-04-10T13:41:39","modified_gmt":"2024-04-10T10:41:39","slug":"kaappi270","status":"publish","type":"page","link":"https:\/\/woodentouch.fi\/wordpress\/tuotteet\/galleria\/kaappi270\/","title":{"rendered":"kaappi270"},"content":{"rendered":"<p>Kirjahylly lasiovin on n\u00e4ytt\u00e4v\u00e4 kokonaisuus.\u00a0 Kasattu paikanp\u00e4\u00e4ll\u00e4 yhdeksi kokonaisuudeksi, ja erottuu moduulihyllyist\u00e4 edukseen.<\/p>\n","protected":false},"excerpt":{"rendered":"<p>Kirjahylly lasiovin on n\u00e4ytt\u00e4v\u00e4 kokonaisuus.\u00a0 Kasattu paikanp\u00e4\u00e4ll\u00e4 yhdeksi kokonaisuudeksi, ja erottuu moduulihyllyist\u00e4 edukseen.<\/p>\n","protected":false},"author":3,"featured_media":0,"parent":333,"menu_order":0,"comment_status":"closed","ping_status":"open","template":"tuote.php","meta":{"om_disable_all_campaigns":false,"_monsterinsights_skip_tracking":false,"_monsterinsights_sitenote_active":false,"_monsterinsights_sitenote_note":"","_monsterinsights_sitenote_category":0,"footnotes":""},"class_list":["post-2263","page","type-page","status-publish","hentry"],"aioseo_notices":[],"_links":{"self":[{"href":"https:\/\/woodentouch.fi\/wordpress\/wp-json\/wp\/v2\/pages\/2263","targetHints":{"allow":["GET"]}}],"collection":[{"href":"https:\/\/woodentouch.fi\/wordpress\/wp-json\/wp\/v2\/pages"}],"about":[{"href":"https:\/\/woodentouch.fi\/wordpress\/wp-json\/wp\/v2\/types\/page"}],"author":[{"embeddable":true,"href":"https:\/\/woodentouch.fi\/wordpress\/wp-json\/wp\/v2\/users\/3"}],"replies":[{"embeddable":true,"href":"https:\/\/woodentouch.fi\/wordpress\/wp-json\/wp\/v2\/comments?post=2263"}],"version-history":[{"count":3,"href":"https:\/\/woodentouch.fi\/wordpress\/wp-json\/wp\/v2\/pages\/2263\/revisions"}],"predecessor-version":[{"id":2937,"href":"https:\/\/woodentouch.fi\/wordpress\/wp-json\/wp\/v2\/pages\/2263\/revisions\/2937"}],"up":[{"embeddable":true,"href":"https:\/\/woodentouch.fi\/wordpress\/wp-json\/wp\/v2\/pages\/333"}],"wp:attachment":[{"href":"https:\/\/woodentouch.fi\/wordpress\/wp-json\/wp\/v2\/media?parent=2263"}],"curies":[{"name":"wp","href":"https:\/\/api.w.org\/{rel}","templated":true}]}}