{"id":2250,"date":"2011-06-24T21:33:13","date_gmt":"2011-06-24T18:33:13","guid":{"rendered":"http:\/\/www.woodentouch.fi\/?page_id=2250"},"modified":"2015-06-23T12:24:51","modified_gmt":"2015-06-23T09:24:51","slug":"poyta310","status":"publish","type":"page","link":"https:\/\/woodentouch.fi\/wordpress\/tuotteet\/galleria\/poyta310\/","title":{"rendered":"poyta310"},"content":{"rendered":"<p>30 mm tammikansi ja siin\u00e4 reunaviiste luovat ohuen ja linjakkaan tyylin p\u00f6yd\u00e4lle. Jalka kapenee sis\u00e4syrjilt\u00e4 alasp\u00e4in. Pinnassa hento valkoinen s\u00e4vytys ehk\u00e4isem\u00e4ss\u00e4 kellastumista.<\/p>\n<p>200&#215;100 tammi 1680 euroa<\/p>\n","protected":false},"excerpt":{"rendered":"<p>30 mm tammikansi ja siin\u00e4 reunaviiste luovat ohuen ja linjakkaan tyylin p\u00f6yd\u00e4lle. Jalka kapenee sis\u00e4syrjilt\u00e4 alasp\u00e4in. Pinnassa hento valkoinen s\u00e4vytys ehk\u00e4isem\u00e4ss\u00e4 kellastumista. 200&#215;100 tammi 1680 euroa<\/p>\n","protected":false},"author":3,"featured_media":0,"parent":333,"menu_order":0,"comment_status":"closed","ping_status":"open","template":"tuote.php","meta":{"om_disable_all_campaigns":false,"_monsterinsights_skip_tracking":false,"_monsterinsights_sitenote_active":false,"_monsterinsights_sitenote_note":"","_monsterinsights_sitenote_category":0,"footnotes":""},"class_list":["post-2250","page","type-page","status-publish","hentry"],"aioseo_notices":[],"_links":{"self":[{"href":"https:\/\/woodentouch.fi\/wordpress\/wp-json\/wp\/v2\/pages\/2250","targetHints":{"allow":["GET"]}}],"collection":[{"href":"https:\/\/woodentouch.fi\/wordpress\/wp-json\/wp\/v2\/pages"}],"about":[{"href":"https:\/\/woodentouch.fi\/wordpress\/wp-json\/wp\/v2\/types\/page"}],"author":[{"embeddable":true,"href":"https:\/\/woodentouch.fi\/wordpress\/wp-json\/wp\/v2\/users\/3"}],"replies":[{"embeddable":true,"href":"https:\/\/woodentouch.fi\/wordpress\/wp-json\/wp\/v2\/comments?post=2250"}],"version-history":[{"count":8,"href":"https:\/\/woodentouch.fi\/wordpress\/wp-json\/wp\/v2\/pages\/2250\/revisions"}],"predecessor-version":[{"id":2412,"href":"https:\/\/woodentouch.fi\/wordpress\/wp-json\/wp\/v2\/pages\/2250\/revisions\/2412"}],"up":[{"embeddable":true,"href":"https:\/\/woodentouch.fi\/wordpress\/wp-json\/wp\/v2\/pages\/333"}],"wp:attachment":[{"href":"https:\/\/woodentouch.fi\/wordpress\/wp-json\/wp\/v2\/media?parent=2250"}],"curies":[{"name":"wp","href":"https:\/\/api.w.org\/{rel}","templated":true}]}}