{"id":225,"date":"2009-06-24T14:50:41","date_gmt":"2009-06-24T11:50:41","guid":{"rendered":"http:\/\/www.woodentouch.fi\/wordpress\/?page_id=225"},"modified":"2015-06-23T14:12:58","modified_gmt":"2015-06-23T11:12:58","slug":"sohvapoyta60","status":"publish","type":"page","link":"https:\/\/woodentouch.fi\/wordpress\/tuotteet\/galleria\/sohvapoyta60\/","title":{"rendered":"sohvapoyta60"},"content":{"rendered":"<p>P\u00e4hkin\u00e4puinen sohvap\u00f6yt\u00e4 l\u00e4pi kannen jaloin.<\/p>\n<p>Koivusta 660 euroa<\/p>\n<p>tammesta 920 euroa<\/p>\n<p>P\u00e4hkin\u00e4st\u00e4 1070 euroa<\/p>\n","protected":false},"excerpt":{"rendered":"<p>P\u00e4hkin\u00e4puinen sohvap\u00f6yt\u00e4 l\u00e4pi kannen jaloin. Koivusta 660 euroa tammesta 920 euroa P\u00e4hkin\u00e4st\u00e4 1070 euroa<\/p>\n","protected":false},"author":3,"featured_media":0,"parent":333,"menu_order":0,"comment_status":"open","ping_status":"open","template":"tuote.php","meta":{"om_disable_all_campaigns":false,"_monsterinsights_skip_tracking":false,"_monsterinsights_sitenote_active":false,"_monsterinsights_sitenote_note":"","_monsterinsights_sitenote_category":0,"footnotes":""},"class_list":["post-225","page","type-page","status-publish","hentry"],"aioseo_notices":[],"_links":{"self":[{"href":"https:\/\/woodentouch.fi\/wordpress\/wp-json\/wp\/v2\/pages\/225","targetHints":{"allow":["GET"]}}],"collection":[{"href":"https:\/\/woodentouch.fi\/wordpress\/wp-json\/wp\/v2\/pages"}],"about":[{"href":"https:\/\/woodentouch.fi\/wordpress\/wp-json\/wp\/v2\/types\/page"}],"author":[{"embeddable":true,"href":"https:\/\/woodentouch.fi\/wordpress\/wp-json\/wp\/v2\/users\/3"}],"replies":[{"embeddable":true,"href":"https:\/\/woodentouch.fi\/wordpress\/wp-json\/wp\/v2\/comments?post=225"}],"version-history":[{"count":11,"href":"https:\/\/woodentouch.fi\/wordpress\/wp-json\/wp\/v2\/pages\/225\/revisions"}],"predecessor-version":[{"id":1889,"href":"https:\/\/woodentouch.fi\/wordpress\/wp-json\/wp\/v2\/pages\/225\/revisions\/1889"}],"up":[{"embeddable":true,"href":"https:\/\/woodentouch.fi\/wordpress\/wp-json\/wp\/v2\/pages\/333"}],"wp:attachment":[{"href":"https:\/\/woodentouch.fi\/wordpress\/wp-json\/wp\/v2\/media?parent=225"}],"curies":[{"name":"wp","href":"https:\/\/api.w.org\/{rel}","templated":true}]}}